{"id":446,"date":"2024-12-01T15:09:41","date_gmt":"2024-12-01T14:09:41","guid":{"rendered":"https:\/\/ld-wp73.template-help.com\/wordpress\/prod_1680\/v1\/?page_id=9"},"modified":"2025-04-03T07:19:59","modified_gmt":"2025-04-03T06:19:59","slug":"ueberuns","status":"publish","type":"page","link":"https:\/\/tapoja.at\/?page_id=446","title":{"rendered":"\u00dcber uns"},"content":{"rendered":"\t\t<div data-elementor-type=\"wp-post\" data-elementor-id=\"446\" class=\"elementor elementor-446\">\n\t\t\t\t\t\t<section class=\"elementor-section elementor-top-section elementor-element elementor-element-a90be36 elementor-section-boxed elementor-section-height-default elementor-section-height-default\" data-id=\"a90be36\" data-element_type=\"section\" data-e-type=\"section\" data-settings=\"{&quot;jet_parallax_layout_list&quot;:[{&quot;jet_parallax_layout_image&quot;:{&quot;url&quot;:&quot;&quot;,&quot;id&quot;:&quot;&quot;,&quot;size&quot;:&quot;&quot;},&quot;_id&quot;:&quot;34e8390&quot;,&quot;jet_parallax_layout_image_tablet&quot;:{&quot;url&quot;:&quot;&quot;,&quot;id&quot;:&quot;&quot;,&quot;size&quot;:&quot;&quot;},&quot;jet_parallax_layout_image_mobile&quot;:{&quot;url&quot;:&quot;&quot;,&quot;id&quot;:&quot;&quot;,&quot;size&quot;:&quot;&quot;},&quot;jet_parallax_layout_speed&quot;:{&quot;unit&quot;:&quot;%&quot;,&quot;size&quot;:50,&quot;sizes&quot;:[]},&quot;jet_parallax_layout_type&quot;:&quot;scroll&quot;,&quot;jet_parallax_layout_direction&quot;:null,&quot;jet_parallax_layout_fx_direction&quot;:null,&quot;jet_parallax_layout_z_index&quot;:&quot;&quot;,&quot;jet_parallax_layout_bg_x&quot;:50,&quot;jet_parallax_layout_bg_x_tablet&quot;:&quot;&quot;,&quot;jet_parallax_layout_bg_x_mobile&quot;:&quot;&quot;,&quot;jet_parallax_layout_bg_y&quot;:50,&quot;jet_parallax_layout_bg_y_tablet&quot;:&quot;&quot;,&quot;jet_parallax_layout_bg_y_mobile&quot;:&quot;&quot;,&quot;jet_parallax_layout_bg_size&quot;:&quot;auto&quot;,&quot;jet_parallax_layout_bg_size_tablet&quot;:&quot;&quot;,&quot;jet_parallax_layout_bg_size_mobile&quot;:&quot;&quot;,&quot;jet_parallax_layout_animation_prop&quot;:&quot;transform&quot;,&quot;jet_parallax_layout_on&quot;:[&quot;desktop&quot;,&quot;tablet&quot;]}]}\">\n\t\t\t\t\t\t<div class=\"elementor-container elementor-column-gap-default\">\n\t\t\t\t\t<div class=\"elementor-column elementor-col-100 elementor-top-column elementor-element elementor-element-1de6430\" data-id=\"1de6430\" data-element_type=\"column\" data-e-type=\"column\">\n\t\t\t<div class=\"elementor-widget-wrap elementor-element-populated\">\n\t\t\t\t\t\t<div class=\"elementor-element elementor-element-5bc207d jet-breadcrumbs-align-left elementor-widget elementor-widget-jet-breadcrumbs\" data-id=\"5bc207d\" data-element_type=\"widget\" data-e-type=\"widget\" data-widget_type=\"jet-breadcrumbs.default\">\n\t\t\t\t<div class=\"elementor-widget-container\">\n\t\t\t\t\t<div class=\"elementor-jet-breadcrumbs jet-blocks\">\n\t\t<div class=\"jet-breadcrumbs\">\n\t\t<div class=\"jet-breadcrumbs__content\">\n\t\t<div class=\"jet-breadcrumbs__wrap\"><div class=\"jet-breadcrumbs__item\"><a href=\"https:\/\/tapoja.at\/\" class=\"jet-breadcrumbs__item-link is-home\" rel=\"home\" title=\"Home2\">Home2<\/a><\/div>\n\t\t<\/div>\n\t\t<\/div>\n\t\t<\/div><\/div>\t\t\t\t<\/div>\n\t\t\t\t<\/div>\n\t\t\t\t<div class=\"elementor-element elementor-element-8db3039 elementor-widget elementor-widget-spacer\" data-id=\"8db3039\" data-element_type=\"widget\" data-e-type=\"widget\" data-widget_type=\"spacer.default\">\n\t\t\t\t<div class=\"elementor-widget-container\">\n\t\t\t\t\t\t\t<div class=\"elementor-spacer\">\n\t\t\t<div class=\"elementor-spacer-inner\"><\/div>\n\t\t<\/div>\n\t\t\t\t\t\t<\/div>\n\t\t\t\t<\/div>\n\t\t\t\t\t<\/div>\n\t\t<\/div>\n\t\t\t\t\t<\/div>\n\t\t<\/section>\n\t\t\t\t<section class=\"elementor-section elementor-top-section elementor-element elementor-element-3c94fc1 elementor-section-boxed elementor-section-height-default elementor-section-height-default\" data-id=\"3c94fc1\" data-element_type=\"section\" data-e-type=\"section\" data-settings=\"{&quot;jet_parallax_layout_list&quot;:[{&quot;jet_parallax_layout_image&quot;:{&quot;url&quot;:&quot;&quot;,&quot;id&quot;:&quot;&quot;,&quot;size&quot;:&quot;&quot;},&quot;_id&quot;:&quot;d955466&quot;,&quot;jet_parallax_layout_image_tablet&quot;:{&quot;url&quot;:&quot;&quot;,&quot;id&quot;:&quot;&quot;,&quot;size&quot;:&quot;&quot;},&quot;jet_parallax_layout_image_mobile&quot;:{&quot;url&quot;:&quot;&quot;,&quot;id&quot;:&quot;&quot;,&quot;size&quot;:&quot;&quot;},&quot;jet_parallax_layout_speed&quot;:{&quot;unit&quot;:&quot;%&quot;,&quot;size&quot;:50,&quot;sizes&quot;:[]},&quot;jet_parallax_layout_type&quot;:&quot;scroll&quot;,&quot;jet_parallax_layout_direction&quot;:null,&quot;jet_parallax_layout_fx_direction&quot;:null,&quot;jet_parallax_layout_z_index&quot;:&quot;&quot;,&quot;jet_parallax_layout_bg_x&quot;:50,&quot;jet_parallax_layout_bg_x_tablet&quot;:&quot;&quot;,&quot;jet_parallax_layout_bg_x_mobile&quot;:&quot;&quot;,&quot;jet_parallax_layout_bg_y&quot;:50,&quot;jet_parallax_layout_bg_y_tablet&quot;:&quot;&quot;,&quot;jet_parallax_layout_bg_y_mobile&quot;:&quot;&quot;,&quot;jet_parallax_layout_bg_size&quot;:&quot;auto&quot;,&quot;jet_parallax_layout_bg_size_tablet&quot;:&quot;&quot;,&quot;jet_parallax_layout_bg_size_mobile&quot;:&quot;&quot;,&quot;jet_parallax_layout_animation_prop&quot;:&quot;transform&quot;,&quot;jet_parallax_layout_on&quot;:[&quot;desktop&quot;,&quot;tablet&quot;]}],&quot;background_background&quot;:&quot;classic&quot;}\">\n\t\t\t\t\t\t<div class=\"elementor-container elementor-column-gap-no\">\n\t\t\t\t\t<div class=\"elementor-column elementor-col-100 elementor-top-column elementor-element elementor-element-e277ae6\" data-id=\"e277ae6\" data-element_type=\"column\" data-e-type=\"column\">\n\t\t\t<div class=\"elementor-widget-wrap elementor-element-populated\">\n\t\t\t\t\t\t<div class=\"elementor-element elementor-element-550b9b1 elementor-widget elementor-widget-spacer\" data-id=\"550b9b1\" data-element_type=\"widget\" data-e-type=\"widget\" data-widget_type=\"spacer.default\">\n\t\t\t\t<div class=\"elementor-widget-container\">\n\t\t\t\t\t\t\t<div class=\"elementor-spacer\">\n\t\t\t<div class=\"elementor-spacer-inner\"><\/div>\n\t\t<\/div>\n\t\t\t\t\t\t<\/div>\n\t\t\t\t<\/div>\n\t\t\t\t<div class=\"elementor-element elementor-element-aaff363 elementor-invisible elementor-widget elementor-widget-text-editor\" data-id=\"aaff363\" data-element_type=\"widget\" data-e-type=\"widget\" data-settings=\"{&quot;_animation&quot;:&quot;fadeInUp&quot;}\" data-widget_type=\"text-editor.default\">\n\t\t\t\t<div class=\"elementor-widget-container\">\n\t\t\t\t\t\t\t\t\t<h2><span style=\"color: #ffffff;\">Wie alles begann<\/span><\/h2><p>Das Jahr <strong>2020<\/strong> war eine herausfordernde Zeit, die es f\u00fcr mich und meine Tochter notwendig machte, \u00fcber Bildung im Allgemeinen nachzudenken und alternative M\u00f6glichkeiten zu finden.<\/p><p>Damals besuchte meine Tochter die 1. Klasse Mittelschule. Inmitten der Ver\u00e4nderungen fand sie Freude daran, ihre Zeit und ihren Lernstoff selbstbestimmt zu organisieren. Gemeinsam entdeckten wir neue, kreative Wege, um sich Wissen anzueignen. Diese Erfahrungen halfen ihr, unabh\u00e4ngiger und selbstbewusster zu werden.<\/p><p>Motiviert durch die Erfahrungen der letzten Monate wurde es mir immer wichtiger, ein Angebot f\u00fcr einen selbstbestimmten und freien Bildungsweg, den auch andere Familien gehen k\u00f6nnen, zu schaffen Im Dezember <strong>2021<\/strong> gr\u00fcndete ich gemeinsam mit einem jungen<br \/>Schauspielerpaar den <strong>Verein TAPOJA,<\/strong> dessen Name f\u00fcr unser Ziel steht <strong>innovative Bildungswege<\/strong> zu schaffen. Ich suchte nach engagierten P\u00e4dagogen, die unsere Vision teilten, und gemeinsam entwickelten wir unsere eigene Online-Alternative zur herk\u00f6mmlichen Schule.<\/p><p>Im Februar <strong>2022<\/strong> starteten wir mit unserem ersten Programm. Wir orientierten uns am st\u00fcndlichen Ablauf einer traditionellen Schule, jedoch mit dem festen Vorsatz, auch andere Wissensgebiete einzubeziehen und projektorientiertes Lernen zu f\u00f6rdern. Unser Ziel war<br \/>es, den jungen Menschen nicht nur fachliches Wissen zu vermitteln, sondern auch ihre kreativen und praktischen F\u00e4higkeiten zu st\u00e4rken.\u00a0<\/p><p><strong>2023<\/strong> stellte uns vor folgende Frage: <strong>WIE IST SCHULE JETZT UND WIE KANN SIE ANDERS SEIN?<\/strong><\/p><p>Unsere Vision von Schule soll genau so flexibel und individuell sein, wie die, die sie nutzen wollen. Und sie sollte sich so formen k\u00f6nnen, wie ihre Mitgestalter sie zu jedem Zeitpunkt in ihrem Leben ben\u00f6tigen.<\/p><p>Der Vision von selbstbestimmter und freier Bildung folgte Anfang 2024 die Vision eines ethischen, wertebasierten und selbstbestimmten Dorfes, das achtsam und bewusst mit Mensch &amp; Natur umgeht.<\/p><p>All dies erforderte ein <strong>Konzept,<\/strong> das sich stetig erweitert und sicherstellt, dass wir den Bed\u00fcrfnissen der Wissen Suchenden und ihrer Familien gerecht werden.<\/p>\t\t\t\t\t\t\t\t<\/div>\n\t\t\t\t<\/div>\n\t\t\t\t<div class=\"elementor-element elementor-element-f7e5666 elementor-widget elementor-widget-spacer\" data-id=\"f7e5666\" data-element_type=\"widget\" data-e-type=\"widget\" data-widget_type=\"spacer.default\">\n\t\t\t\t<div class=\"elementor-widget-container\">\n\t\t\t\t\t\t\t<div class=\"elementor-spacer\">\n\t\t\t<div class=\"elementor-spacer-inner\"><\/div>\n\t\t<\/div>\n\t\t\t\t\t\t<\/div>\n\t\t\t\t<\/div>\n\t\t\t\t<div class=\"elementor-element elementor-element-55eb11a elementor-invisible elementor-widget elementor-widget-text-editor\" data-id=\"55eb11a\" data-element_type=\"widget\" data-e-type=\"widget\" data-settings=\"{&quot;_animation&quot;:&quot;fadeInUp&quot;}\" data-widget_type=\"text-editor.default\">\n\t\t\t\t<div class=\"elementor-widget-container\">\n\t\t\t\t\t\t\t\t\t<h2><span style=\"color: #ffffff;\">Unsere Werte<\/span><\/h2>\n<p>\u2026 bestehen darin, eine selbstbestimmte Bildung zu f\u00f6rdern, die ganzheitlich, flexibel und frei ist.<\/p>\n<p><strong>Unser Denken und Handeln<\/strong> wird durch das Bewusstsein von W\u00fcrde, gegenseitigem Respekt und pers\u00f6nlicher Wertsch\u00e4tzung geleitet.<\/p>\n<p><strong>Der Sinn unserer Handlungen<\/strong> liegt in der klaren Erkenntnis, dass wir Menschen mit allem und jedem verbunden sind.&nbsp;<span style=\"letter-spacing: 0px;\">Die Werte Wahrheit, Freiheit, Eigenverantwortung, Respekt und Wertsch\u00e4tzung bilden die <\/span><strong style=\"letter-spacing: 0px;\">Grundlage<\/strong><span style=\"letter-spacing: 0px;\"> f\u00fcr unser authentisches Schaffen.<\/span><\/p>\n<p><strong>Unsere Motivation<\/strong> und unser Engagement werden von der Begeisterung und Freude getragen, die durch das Mitwirken und Mitgestalten jedes Einzelnen entstehen.<\/p>\n<p><strong>Unser Verst\u00e4ndnis von Qualit\u00e4t<\/strong> zielt auf eine ganzheitliche Entwicklung ab, die soziale, \u00f6konomische und \u00f6kologische Aspekte ber\u00fccksichtigt.<\/p>\n<p><b>Unser<\/b> <strong>Tun<\/strong> entwickelt sich organisch im Zusammenspiel aller Beteiligten.<\/p>\t\t\t\t\t\t\t\t<\/div>\n\t\t\t\t<\/div>\n\t\t\t\t<div class=\"elementor-element elementor-element-11256ef elementor-widget elementor-widget-spacer\" data-id=\"11256ef\" data-element_type=\"widget\" data-e-type=\"widget\" data-widget_type=\"spacer.default\">\n\t\t\t\t<div class=\"elementor-widget-container\">\n\t\t\t\t\t\t\t<div class=\"elementor-spacer\">\n\t\t\t<div class=\"elementor-spacer-inner\"><\/div>\n\t\t<\/div>\n\t\t\t\t\t\t<\/div>\n\t\t\t\t<\/div>\n\t\t\t\t<div class=\"elementor-element elementor-element-233744d elementor-invisible elementor-widget elementor-widget-text-editor\" data-id=\"233744d\" data-element_type=\"widget\" data-e-type=\"widget\" data-settings=\"{&quot;_animation&quot;:&quot;fadeInUp&quot;}\" data-widget_type=\"text-editor.default\">\n\t\t\t\t<div class=\"elementor-widget-container\">\n\t\t\t\t\t\t\t\t\t<h2><span style=\"color: #ffffff;\">Unsere Strategie &#8211; Mission &#8211; Absicht<\/span><\/h2><p>\u2026 ist es, Rahmenbedingungen und Strukturen f\u00fcr eine neue Art von intergenerativer Dorfgemeinschaft zu schaffen, die durch den Aufbau und die Nutzung neuer regionaler und \u00fcberregionaler Wertsch\u00f6pfungsprozesse und ganzheitlicher Bildungswege die individuellen Bed\u00fcrfnisse jedes Einzelnen abdecken.<\/p><p>\u2026 ist es, ein ganzheitliches Bildungsangebot unter stetiger Ber\u00fccksichtigung des jeweiligen Reifegrades innerhalb der Bewusstseins- und Pers\u00f6nlichkeitsentwicklung zu bieten und somit alle Aspekte des Lebens miteinander zu verbinden.<\/p><p>\u2026 ist es, gemeinsam eine Welt zu gestalten, die Ideen und Konzepte f\u00fcr grundlegende Bereiche einer autarken Gesellschaft entwickelt.<\/p>\t\t\t\t\t\t\t\t<\/div>\n\t\t\t\t<\/div>\n\t\t\t\t<div class=\"elementor-element elementor-element-7f71a16 elementor-widget elementor-widget-spacer\" data-id=\"7f71a16\" data-element_type=\"widget\" data-e-type=\"widget\" data-widget_type=\"spacer.default\">\n\t\t\t\t<div class=\"elementor-widget-container\">\n\t\t\t\t\t\t\t<div class=\"elementor-spacer\">\n\t\t\t<div class=\"elementor-spacer-inner\"><\/div>\n\t\t<\/div>\n\t\t\t\t\t\t<\/div>\n\t\t\t\t<\/div>\n\t\t\t\t<div class=\"elementor-element elementor-element-521d756 animated-slow elementor-invisible elementor-widget elementor-widget-text-editor\" data-id=\"521d756\" data-element_type=\"widget\" data-e-type=\"widget\" data-settings=\"{&quot;_animation&quot;:&quot;fadeIn&quot;}\" data-widget_type=\"text-editor.default\">\n\t\t\t\t<div class=\"elementor-widget-container\">\n\t\t\t\t\t\t\t\t\t<h2><span style=\"color: #ffffff;\">Unsere Hymne<\/span><\/h2><p>\u2026 ist ein Lied von der Interpretin Sophia, <strong>\u201eSchmetterling\u201c<\/strong>. Meine Tochter celine, fand auf ihrem bisherigen selbstbestimmten Bildungsweg zu sich selbst und stie\u00df &#8222;zuf\u00e4llig&#8220; auf dieses Lied, das ihr &#8222;Sich-Finden&#8220; vollkommen beschreibt. So wurde \u201eSchmetterling\u201c zur Hymne von TAPOJA.<br \/>Betrachtet es auch gerne als Inspiration und Ermutigung f\u00fcr euch, um weiterzumachen und nicht aufzugeben. Lasst euch von der Kraft und Bedeutung dieses Liedes leiten, um eure eigenen Herausforderungen zu meistern und stets voranzuschreiten.<\/p>\t\t\t\t\t\t\t\t<\/div>\n\t\t\t\t<\/div>\n\t\t\t\t<div class=\"elementor-element elementor-element-a015f8a elementor-button-info animated-slow elementor-invisible elementor-widget elementor-widget-button\" data-id=\"a015f8a\" data-element_type=\"widget\" data-e-type=\"widget\" data-settings=\"{&quot;_animation&quot;:&quot;fadeIn&quot;}\" data-widget_type=\"button.default\">\n\t\t\t\t<div class=\"elementor-widget-container\">\n\t\t\t\t\t\t\t\t\t<div class=\"elementor-button-wrapper\">\n\t\t\t\t\t<a class=\"elementor-button elementor-button-link elementor-size-sm\" href=\"https:\/\/www.youtube.com\/watch?v=TkyBkUZmubc\">\n\t\t\t\t\t\t<span class=\"elementor-button-content-wrapper\">\n\t\t\t\t\t\t\t\t\t<span class=\"elementor-button-text\">SCHMETTERLING VON SOPHIA<\/span>\n\t\t\t\t\t<\/span>\n\t\t\t\t\t<\/a>\n\t\t\t\t<\/div>\n\t\t\t\t\t\t\t\t<\/div>\n\t\t\t\t<\/div>\n\t\t\t\t<div class=\"elementor-element elementor-element-06b5b5f elementor-widget elementor-widget-spacer\" data-id=\"06b5b5f\" data-element_type=\"widget\" data-e-type=\"widget\" data-widget_type=\"spacer.default\">\n\t\t\t\t<div class=\"elementor-widget-container\">\n\t\t\t\t\t\t\t<div class=\"elementor-spacer\">\n\t\t\t<div class=\"elementor-spacer-inner\"><\/div>\n\t\t<\/div>\n\t\t\t\t\t\t<\/div>\n\t\t\t\t<\/div>\n\t\t\t\t\t<\/div>\n\t\t<\/div>\n\t\t\t\t\t<\/div>\n\t\t<\/section>\n\t\t\t\t<\/div>\n\t\t","protected":false},"excerpt":{"rendered":"<p>Home Wie alles begann Das Jahr 2020 war eine herausfordernde Zeit, die es f\u00fcr mich und meine Tochter notwendig machte, \u00fcber Bildung im Allgemeinen nachzudenken und alternative M\u00f6glichkeiten zu finden. Damals besuchte meine Tochter die 1. Klasse Mittelschule. Inmitten der Ver\u00e4nderungen fand sie Freude daran, ihre Zeit und ihren Lernstoff selbstbestimmt zu organisieren. Gemeinsam entdeckten [&hellip;]<\/p>\n","protected":false},"author":1,"featured_media":0,"parent":0,"menu_order":1,"comment_status":"closed","ping_status":"closed","template":"elementor_header_footer","meta":{"footnotes":""},"class_list":["post-446","page","type-page","status-publish","hentry"],"_links":{"self":[{"href":"https:\/\/tapoja.at\/index.php?rest_route=\/wp\/v2\/pages\/446","targetHints":{"allow":["GET"]}}],"collection":[{"href":"https:\/\/tapoja.at\/index.php?rest_route=\/wp\/v2\/pages"}],"about":[{"href":"https:\/\/tapoja.at\/index.php?rest_route=\/wp\/v2\/types\/page"}],"author":[{"embeddable":true,"href":"https:\/\/tapoja.at\/index.php?rest_route=\/wp\/v2\/users\/1"}],"replies":[{"embeddable":true,"href":"https:\/\/tapoja.at\/index.php?rest_route=%2Fwp%2Fv2%2Fcomments&post=446"}],"version-history":[{"count":271,"href":"https:\/\/tapoja.at\/index.php?rest_route=\/wp\/v2\/pages\/446\/revisions"}],"predecessor-version":[{"id":5851,"href":"https:\/\/tapoja.at\/index.php?rest_route=\/wp\/v2\/pages\/446\/revisions\/5851"}],"wp:attachment":[{"href":"https:\/\/tapoja.at\/index.php?rest_route=%2Fwp%2Fv2%2Fmedia&parent=446"}],"curies":[{"name":"wp","href":"https:\/\/api.w.org\/{rel}","templated":true}]}}