{"id":3678,"date":"2025-01-21T20:07:44","date_gmt":"2025-01-21T19:07:44","guid":{"rendered":"https:\/\/minervasys.at\/tapoja03\/?page_id=3678"},"modified":"2025-04-03T07:11:47","modified_gmt":"2025-04-03T06:11:47","slug":"ganzheitlich_gesund_angebot","status":"publish","type":"page","link":"https:\/\/tapoja.at\/?page_id=3678","title":{"rendered":"Ganzheitlich gesund"},"content":{"rendered":"\t\t<div data-elementor-type=\"wp-page\" data-elementor-id=\"3678\" class=\"elementor elementor-3678\">\n\t\t\t\t\t\t<section class=\"elementor-section elementor-top-section elementor-element elementor-element-279d630 elementor-section-boxed elementor-section-height-default elementor-section-height-default\" data-id=\"279d630\" data-element_type=\"section\" data-e-type=\"section\" data-settings=\"{&quot;jet_parallax_layout_list&quot;:[{&quot;jet_parallax_layout_image&quot;:{&quot;url&quot;:&quot;&quot;,&quot;id&quot;:&quot;&quot;,&quot;size&quot;:&quot;&quot;},&quot;_id&quot;:&quot;34e8390&quot;,&quot;jet_parallax_layout_image_tablet&quot;:{&quot;url&quot;:&quot;&quot;,&quot;id&quot;:&quot;&quot;,&quot;size&quot;:&quot;&quot;},&quot;jet_parallax_layout_image_mobile&quot;:{&quot;url&quot;:&quot;&quot;,&quot;id&quot;:&quot;&quot;,&quot;size&quot;:&quot;&quot;},&quot;jet_parallax_layout_speed&quot;:{&quot;unit&quot;:&quot;%&quot;,&quot;size&quot;:50,&quot;sizes&quot;:[]},&quot;jet_parallax_layout_type&quot;:&quot;scroll&quot;,&quot;jet_parallax_layout_direction&quot;:null,&quot;jet_parallax_layout_fx_direction&quot;:null,&quot;jet_parallax_layout_z_index&quot;:&quot;&quot;,&quot;jet_parallax_layout_bg_x&quot;:50,&quot;jet_parallax_layout_bg_x_tablet&quot;:&quot;&quot;,&quot;jet_parallax_layout_bg_x_mobile&quot;:&quot;&quot;,&quot;jet_parallax_layout_bg_y&quot;:50,&quot;jet_parallax_layout_bg_y_tablet&quot;:&quot;&quot;,&quot;jet_parallax_layout_bg_y_mobile&quot;:&quot;&quot;,&quot;jet_parallax_layout_bg_size&quot;:&quot;auto&quot;,&quot;jet_parallax_layout_bg_size_tablet&quot;:&quot;&quot;,&quot;jet_parallax_layout_bg_size_mobile&quot;:&quot;&quot;,&quot;jet_parallax_layout_animation_prop&quot;:&quot;transform&quot;,&quot;jet_parallax_layout_on&quot;:[&quot;desktop&quot;,&quot;tablet&quot;]}]}\">\n\t\t\t\t\t\t<div class=\"elementor-container elementor-column-gap-default\">\n\t\t\t\t\t<div class=\"elementor-column elementor-col-100 elementor-top-column elementor-element elementor-element-d5aea87\" data-id=\"d5aea87\" data-element_type=\"column\" data-e-type=\"column\">\n\t\t\t<div class=\"elementor-widget-wrap elementor-element-populated\">\n\t\t\t\t\t\t<div class=\"elementor-element elementor-element-2d6fadb jet-breadcrumbs-align-left elementor-widget elementor-widget-jet-breadcrumbs\" data-id=\"2d6fadb\" data-element_type=\"widget\" data-e-type=\"widget\" data-widget_type=\"jet-breadcrumbs.default\">\n\t\t\t\t<div class=\"elementor-widget-container\">\n\t\t\t\t\t<div class=\"elementor-jet-breadcrumbs jet-blocks\">\n\t\t<div class=\"jet-breadcrumbs\">\n\t\t<div class=\"jet-breadcrumbs__content\">\n\t\t<div class=\"jet-breadcrumbs__wrap\"><div class=\"jet-breadcrumbs__item\"><a href=\"https:\/\/tapoja.at\/\" class=\"jet-breadcrumbs__item-link is-home\" rel=\"home\" title=\"Home2\">Home2<\/a><\/div>\n\t\t<\/div>\n\t\t<\/div>\n\t\t<\/div><\/div>\t\t\t\t<\/div>\n\t\t\t\t<\/div>\n\t\t\t\t<div class=\"elementor-element elementor-element-00ac91f elementor-widget elementor-widget-spacer\" data-id=\"00ac91f\" data-element_type=\"widget\" data-e-type=\"widget\" data-widget_type=\"spacer.default\">\n\t\t\t\t<div class=\"elementor-widget-container\">\n\t\t\t\t\t\t\t<div class=\"elementor-spacer\">\n\t\t\t<div class=\"elementor-spacer-inner\"><\/div>\n\t\t<\/div>\n\t\t\t\t\t\t<\/div>\n\t\t\t\t<\/div>\n\t\t\t\t\t<\/div>\n\t\t<\/div>\n\t\t\t\t\t<\/div>\n\t\t<\/section>\n\t\t\t\t<section class=\"elementor-section elementor-top-section elementor-element elementor-element-767b306 elementor-section-boxed elementor-section-height-default elementor-section-height-default\" data-id=\"767b306\" data-element_type=\"section\" data-e-type=\"section\" data-settings=\"{&quot;jet_parallax_layout_list&quot;:[{&quot;jet_parallax_layout_image&quot;:{&quot;url&quot;:&quot;&quot;,&quot;id&quot;:&quot;&quot;,&quot;size&quot;:&quot;&quot;},&quot;_id&quot;:&quot;d955466&quot;,&quot;jet_parallax_layout_image_tablet&quot;:{&quot;url&quot;:&quot;&quot;,&quot;id&quot;:&quot;&quot;,&quot;size&quot;:&quot;&quot;},&quot;jet_parallax_layout_image_mobile&quot;:{&quot;url&quot;:&quot;&quot;,&quot;id&quot;:&quot;&quot;,&quot;size&quot;:&quot;&quot;},&quot;jet_parallax_layout_speed&quot;:{&quot;unit&quot;:&quot;%&quot;,&quot;size&quot;:50,&quot;sizes&quot;:[]},&quot;jet_parallax_layout_type&quot;:&quot;scroll&quot;,&quot;jet_parallax_layout_direction&quot;:null,&quot;jet_parallax_layout_fx_direction&quot;:null,&quot;jet_parallax_layout_z_index&quot;:&quot;&quot;,&quot;jet_parallax_layout_bg_x&quot;:50,&quot;jet_parallax_layout_bg_x_tablet&quot;:&quot;&quot;,&quot;jet_parallax_layout_bg_x_mobile&quot;:&quot;&quot;,&quot;jet_parallax_layout_bg_y&quot;:50,&quot;jet_parallax_layout_bg_y_tablet&quot;:&quot;&quot;,&quot;jet_parallax_layout_bg_y_mobile&quot;:&quot;&quot;,&quot;jet_parallax_layout_bg_size&quot;:&quot;auto&quot;,&quot;jet_parallax_layout_bg_size_tablet&quot;:&quot;&quot;,&quot;jet_parallax_layout_bg_size_mobile&quot;:&quot;&quot;,&quot;jet_parallax_layout_animation_prop&quot;:&quot;transform&quot;,&quot;jet_parallax_layout_on&quot;:[&quot;desktop&quot;,&quot;tablet&quot;]}],&quot;background_background&quot;:&quot;classic&quot;}\">\n\t\t\t\t\t\t<div class=\"elementor-container elementor-column-gap-no\">\n\t\t\t\t\t<div class=\"elementor-column elementor-col-100 elementor-top-column elementor-element elementor-element-f3cf138\" data-id=\"f3cf138\" data-element_type=\"column\" data-e-type=\"column\">\n\t\t\t<div class=\"elementor-widget-wrap elementor-element-populated\">\n\t\t\t\t\t\t<div class=\"elementor-element elementor-element-b2d17a6 elementor-widget elementor-widget-spacer\" data-id=\"b2d17a6\" data-element_type=\"widget\" data-e-type=\"widget\" data-widget_type=\"spacer.default\">\n\t\t\t\t<div class=\"elementor-widget-container\">\n\t\t\t\t\t\t\t<div class=\"elementor-spacer\">\n\t\t\t<div class=\"elementor-spacer-inner\"><\/div>\n\t\t<\/div>\n\t\t\t\t\t\t<\/div>\n\t\t\t\t<\/div>\n\t\t\t\t<div class=\"elementor-element elementor-element-3b7ef0f elementor-invisible elementor-widget elementor-widget-text-editor\" data-id=\"3b7ef0f\" data-element_type=\"widget\" data-e-type=\"widget\" data-settings=\"{&quot;_animation&quot;:&quot;fadeIn&quot;,&quot;_animation_delay&quot;:500}\" data-widget_type=\"text-editor.default\">\n\t\t\t\t<div class=\"elementor-widget-container\">\n\t\t\t\t\t\t\t\t\t<h2><span style=\"color: #ffffff;\">Jahreslehrgang Ganzheitlich gesund<\/span><\/h2><p><strong>Der Weg zu einem ausgeglichenen Leben<br \/><\/strong>Ganzheitliche Gesundheit bedeutet mehr als nur die Abwesenheit von Krankheit. Es geht darum, K\u00f6rper, Geist und Seele in Einklang zu bringen und eine nachhaltige Lebensweise zu pflegen, die alle Aspekte des Lebens ber\u00fccksichtigt. Ein ganzheitlicher Ansatz zur Gesundheit umfasst verschiedene Komponenten, die zusammen ein harmonisches und erf\u00fclltes Leben f\u00f6rdern.<\/p><p style=\"padding-left: 40px;\"><strong>1. K\u00f6rperliche Gesundheit<br \/><\/strong>Die Grundlage eines ganzheitlich gesunden Lebens liegt in der Pflege des K\u00f6rpers. <strong>Dein K\u00f6rper (Leib) ist dein Tempel!<br \/><\/strong>Unser K\u00f6rper ist ein Wunderwerk der Natur, das unerm\u00fcdlich arbeitet, um uns am Leben zu halten. Vom Herzschlag \u00fcber die Atmung bis hin zur Zellerneuerung. Jeden Tag vollbringen unsere Organe und Systeme unglaubliche Leistungen. <br \/>Eine ausgewogene und n\u00e4hrstoffreiche Ern\u00e4hrung versorgt den K\u00f6rper mit allen notwendigen Vitaminen und Mineralstoffen. <br \/>Regelm\u00e4\u00dfige k\u00f6rperliche Aktivit\u00e4t, sei es durch Sport, Yoga oder Spazierg\u00e4nge, h\u00e4lt den K\u00f6rper fit und flexibel. Ausreichender und erholsamer Schlaf erm\u00f6glicht dem K\u00f6rper die n\u00f6tige Regeneration.<\/p><p style=\"padding-left: 40px;\"><strong>2. Geistige Gesundheit<br \/><\/strong>Die geistige Gesundheit ist ebenso wichtig wie die k\u00f6rperliche. Du lernst unterschiedliche Techniken wie Meditation, Achtsamkeit und Atem\u00fcbungen kennen, die deine geistige Klarheit f\u00f6rdern. Kreative T\u00e4tigkeiten, die dir Spa\u00df machen, wie Malen, Musik machen oder Schreiben, halten dein Gehirn aktiv und kreativ.<\/p><p style=\"padding-left: 40px;\"><strong>3. Emotionale Gesundheit<br \/><\/strong>Ein gesundes emotionales Gleichgewicht tr\u00e4gt wesentlich zur ganzheitlichen Gesundheit bei. Die Pflege von Freundschaften und famili\u00e4ren Beziehungen erm\u00f6glicht es, emotionale Unterst\u00fctzung und Verbindung zu erfahren. Zeit f\u00fcr sich selbst zu nehmen und auf die eigenen Bed\u00fcrfnisse zu achten, f\u00f6rdert die Selbstf\u00fcrsorge. Dar\u00fcber hinaus tr\u00e4gt die Entwicklung einer positiven und dankbaren Lebenseinstellung erheblich zum emotionalen Wohlbefinden bei.<\/p><p style=\"padding-left: 40px;\"><strong>4. Spirituelle Gesundheit<br \/><\/strong>Die spirituelle Gesundheit kann durch verschiedene Praktiken gef\u00f6rdert werden. Die Sinnfindung, also das Finden eines tieferen Sinns im Leben und das Setzen von Zielen, ist ein wichtiger Aspekt. Ebenso spielt die Verbundenheit eine gro\u00dfe Rolle, sei es die Verbindung mit der Natur, dem Universum oder deinem h\u00f6heren Selbst. Regelm\u00e4\u00dfige Rituale und Praktiken, die das spirituelle Wohlbefinden f\u00f6rdern, tragen ebenfalls zur spirituellen Gesundheit bei.<\/p><p>F\u00fcr diesen Jahreslehrgang empfehlen wir ein<strong> Alter ab 10 Jahren.<\/strong><\/p>\t\t\t\t\t\t\t\t<\/div>\n\t\t\t\t<\/div>\n\t\t\t\t<div class=\"elementor-element elementor-element-1292080 elementor-widget elementor-widget-spacer\" data-id=\"1292080\" data-element_type=\"widget\" data-e-type=\"widget\" data-widget_type=\"spacer.default\">\n\t\t\t\t<div class=\"elementor-widget-container\">\n\t\t\t\t\t\t\t<div class=\"elementor-spacer\">\n\t\t\t<div class=\"elementor-spacer-inner\"><\/div>\n\t\t<\/div>\n\t\t\t\t\t\t<\/div>\n\t\t\t\t<\/div>\n\t\t\t\t<section class=\"elementor-section elementor-inner-section elementor-element elementor-element-aeb8a24 elementor-section-boxed elementor-section-height-default elementor-section-height-default\" data-id=\"aeb8a24\" data-element_type=\"section\" data-e-type=\"section\" data-settings=\"{&quot;jet_parallax_layout_list&quot;:[]}\">\n\t\t\t\t\t\t<div class=\"elementor-container elementor-column-gap-default\">\n\t\t\t\t\t<div class=\"elementor-column elementor-col-20 elementor-inner-column elementor-element elementor-element-1fe5451 elementor-invisible\" data-id=\"1fe5451\" data-element_type=\"column\" data-e-type=\"column\" data-settings=\"{&quot;background_background&quot;:&quot;classic&quot;,&quot;animation&quot;:&quot;bounceInRight&quot;,&quot;animation_delay&quot;:0}\">\n\t\t\t<div class=\"elementor-widget-wrap elementor-element-populated\">\n\t\t\t\t\t\t<div class=\"elementor-element elementor-element-c5ecdae elementor-widget elementor-widget-image\" data-id=\"c5ecdae\" data-element_type=\"widget\" data-e-type=\"widget\" data-widget_type=\"image.default\">\n\t\t\t\t<div class=\"elementor-widget-container\">\n\t\t\t\t\t\t\t\t\t\t\t\t\t\t\t<img fetchpriority=\"high\" decoding=\"async\" width=\"400\" height=\"400\" src=\"https:\/\/tapoja.at\/wp-content\/uploads\/2025\/02\/gesund5-400x400.jpg\" class=\"attachment-kava-thumb-m size-kava-thumb-m wp-image-4012\" alt=\"\" srcset=\"https:\/\/tapoja.at\/wp-content\/uploads\/2025\/02\/gesund5-400x400.jpg 400w, https:\/\/tapoja.at\/wp-content\/uploads\/2025\/02\/gesund5-300x300.jpg 300w, https:\/\/tapoja.at\/wp-content\/uploads\/2025\/02\/gesund5-150x150.jpg 150w, https:\/\/tapoja.at\/wp-content\/uploads\/2025\/02\/gesund5-230x230.jpg 230w, https:\/\/tapoja.at\/wp-content\/uploads\/2025\/02\/gesund5.jpg 520w\" sizes=\"(max-width: 400px) 100vw, 400px\" \/>\t\t\t\t\t\t\t\t\t\t\t\t\t\t\t<\/div>\n\t\t\t\t<\/div>\n\t\t\t\t\t<\/div>\n\t\t<\/div>\n\t\t\t\t<div class=\"elementor-column elementor-col-20 elementor-inner-column elementor-element elementor-element-3a1b23c elementor-invisible\" data-id=\"3a1b23c\" data-element_type=\"column\" data-e-type=\"column\" data-settings=\"{&quot;background_background&quot;:&quot;classic&quot;,&quot;animation&quot;:&quot;bounceInRight&quot;,&quot;animation_delay&quot;:100}\">\n\t\t\t<div class=\"elementor-widget-wrap elementor-element-populated\">\n\t\t\t\t\t\t<div class=\"elementor-element elementor-element-24faa1b elementor-widget elementor-widget-image\" data-id=\"24faa1b\" data-element_type=\"widget\" data-e-type=\"widget\" data-widget_type=\"image.default\">\n\t\t\t\t<div class=\"elementor-widget-container\">\n\t\t\t\t\t\t\t\t\t\t\t\t\t\t\t<img decoding=\"async\" width=\"400\" height=\"400\" src=\"https:\/\/tapoja.at\/wp-content\/uploads\/2025\/02\/gesund3-400x400.jpg\" class=\"attachment-kava-thumb-m size-kava-thumb-m wp-image-4010\" alt=\"\" srcset=\"https:\/\/tapoja.at\/wp-content\/uploads\/2025\/02\/gesund3-400x400.jpg 400w, https:\/\/tapoja.at\/wp-content\/uploads\/2025\/02\/gesund3-150x150.jpg 150w, https:\/\/tapoja.at\/wp-content\/uploads\/2025\/02\/gesund3-230x230.jpg 230w\" sizes=\"(max-width: 400px) 100vw, 400px\" \/>\t\t\t\t\t\t\t\t\t\t\t\t\t\t\t<\/div>\n\t\t\t\t<\/div>\n\t\t\t\t\t<\/div>\n\t\t<\/div>\n\t\t\t\t<div class=\"elementor-column elementor-col-20 elementor-inner-column elementor-element elementor-element-4bd62ca elementor-invisible\" data-id=\"4bd62ca\" data-element_type=\"column\" data-e-type=\"column\" data-settings=\"{&quot;background_background&quot;:&quot;classic&quot;,&quot;animation&quot;:&quot;bounceInRight&quot;,&quot;animation_delay&quot;:200}\">\n\t\t\t<div class=\"elementor-widget-wrap elementor-element-populated\">\n\t\t\t\t\t\t<div class=\"elementor-element elementor-element-9585dff elementor-widget elementor-widget-image\" data-id=\"9585dff\" data-element_type=\"widget\" data-e-type=\"widget\" data-widget_type=\"image.default\">\n\t\t\t\t<div class=\"elementor-widget-container\">\n\t\t\t\t\t\t\t\t\t\t\t\t\t\t\t<img decoding=\"async\" width=\"400\" height=\"400\" src=\"https:\/\/tapoja.at\/wp-content\/uploads\/2025\/02\/gesund2-400x400.jpg\" class=\"attachment-kava-thumb-m size-kava-thumb-m wp-image-4017\" alt=\"\" srcset=\"https:\/\/tapoja.at\/wp-content\/uploads\/2025\/02\/gesund2-400x400.jpg 400w, https:\/\/tapoja.at\/wp-content\/uploads\/2025\/02\/gesund2-300x300.jpg 300w, https:\/\/tapoja.at\/wp-content\/uploads\/2025\/02\/gesund2-150x150.jpg 150w, https:\/\/tapoja.at\/wp-content\/uploads\/2025\/02\/gesund2-230x230.jpg 230w, https:\/\/tapoja.at\/wp-content\/uploads\/2025\/02\/gesund2.jpg 508w\" sizes=\"(max-width: 400px) 100vw, 400px\" \/>\t\t\t\t\t\t\t\t\t\t\t\t\t\t\t<\/div>\n\t\t\t\t<\/div>\n\t\t\t\t\t<\/div>\n\t\t<\/div>\n\t\t\t\t<div class=\"elementor-column elementor-col-20 elementor-inner-column elementor-element elementor-element-1e86f78 elementor-invisible\" data-id=\"1e86f78\" data-element_type=\"column\" data-e-type=\"column\" data-settings=\"{&quot;background_background&quot;:&quot;classic&quot;,&quot;animation&quot;:&quot;bounceInRight&quot;,&quot;animation_delay&quot;:300}\">\n\t\t\t<div class=\"elementor-widget-wrap elementor-element-populated\">\n\t\t\t\t\t\t<div class=\"elementor-element elementor-element-085ec10 elementor-widget elementor-widget-image\" data-id=\"085ec10\" data-element_type=\"widget\" data-e-type=\"widget\" data-widget_type=\"image.default\">\n\t\t\t\t<div class=\"elementor-widget-container\">\n\t\t\t\t\t\t\t\t\t\t\t\t\t\t\t<img loading=\"lazy\" decoding=\"async\" width=\"400\" height=\"400\" src=\"https:\/\/tapoja.at\/wp-content\/uploads\/2025\/02\/gesund1-400x400.jpg\" class=\"attachment-kava-thumb-m size-kava-thumb-m wp-image-4013\" alt=\"\" srcset=\"https:\/\/tapoja.at\/wp-content\/uploads\/2025\/02\/gesund1-400x400.jpg 400w, https:\/\/tapoja.at\/wp-content\/uploads\/2025\/02\/gesund1-150x150.jpg 150w, https:\/\/tapoja.at\/wp-content\/uploads\/2025\/02\/gesund1-230x230.jpg 230w\" sizes=\"(max-width: 400px) 100vw, 400px\" \/>\t\t\t\t\t\t\t\t\t\t\t\t\t\t\t<\/div>\n\t\t\t\t<\/div>\n\t\t\t\t\t<\/div>\n\t\t<\/div>\n\t\t\t\t<div class=\"elementor-column elementor-col-20 elementor-inner-column elementor-element elementor-element-421098a elementor-invisible\" data-id=\"421098a\" data-element_type=\"column\" data-e-type=\"column\" data-settings=\"{&quot;background_background&quot;:&quot;classic&quot;,&quot;animation&quot;:&quot;bounceInRight&quot;,&quot;animation_delay&quot;:400}\">\n\t\t\t<div class=\"elementor-widget-wrap elementor-element-populated\">\n\t\t\t\t\t\t<div class=\"elementor-element elementor-element-44fe801 elementor-widget elementor-widget-image\" data-id=\"44fe801\" data-element_type=\"widget\" data-e-type=\"widget\" data-widget_type=\"image.default\">\n\t\t\t\t<div class=\"elementor-widget-container\">\n\t\t\t\t\t\t\t\t\t\t\t\t\t\t\t<img loading=\"lazy\" decoding=\"async\" width=\"400\" height=\"400\" src=\"https:\/\/tapoja.at\/wp-content\/uploads\/2025\/02\/gesund4-400x400.jpg\" class=\"attachment-kava-thumb-m size-kava-thumb-m wp-image-4011\" alt=\"\" srcset=\"https:\/\/tapoja.at\/wp-content\/uploads\/2025\/02\/gesund4-400x400.jpg 400w, https:\/\/tapoja.at\/wp-content\/uploads\/2025\/02\/gesund4-300x300.jpg 300w, https:\/\/tapoja.at\/wp-content\/uploads\/2025\/02\/gesund4-150x150.jpg 150w, https:\/\/tapoja.at\/wp-content\/uploads\/2025\/02\/gesund4-230x230.jpg 230w, https:\/\/tapoja.at\/wp-content\/uploads\/2025\/02\/gesund4.jpg 501w\" sizes=\"(max-width: 400px) 100vw, 400px\" \/>\t\t\t\t\t\t\t\t\t\t\t\t\t\t\t<\/div>\n\t\t\t\t<\/div>\n\t\t\t\t\t<\/div>\n\t\t<\/div>\n\t\t\t\t\t<\/div>\n\t\t<\/section>\n\t\t\t\t<div class=\"elementor-element elementor-element-c0ebc4a elementor-widget elementor-widget-spacer\" data-id=\"c0ebc4a\" data-element_type=\"widget\" data-e-type=\"widget\" data-widget_type=\"spacer.default\">\n\t\t\t\t<div class=\"elementor-widget-container\">\n\t\t\t\t\t\t\t<div class=\"elementor-spacer\">\n\t\t\t<div class=\"elementor-spacer-inner\"><\/div>\n\t\t<\/div>\n\t\t\t\t\t\t<\/div>\n\t\t\t\t<\/div>\n\t\t\t\t<div class=\"elementor-element elementor-element-d4f73b2 elementor-invisible elementor-widget elementor-widget-text-editor\" data-id=\"d4f73b2\" data-element_type=\"widget\" data-e-type=\"widget\" data-settings=\"{&quot;_animation&quot;:&quot;fadeIn&quot;,&quot;_animation_delay&quot;:100}\" data-widget_type=\"text-editor.default\">\n\t\t\t\t<div class=\"elementor-widget-container\">\n\t\t\t\t\t\t\t\t\t<h2><span style=\"color: #ffffff;\">Was dich erwartet\u00a0<\/span><\/h2><p>Als ersten Schritt lernst du<strong>\u00a0<\/strong>dich\u00a0selbst kennen. Dabei unterst\u00fctzen dich verschiedene Werkzeuge, wie zum Beispiel deine \u201eHuman Design\u201c Auswertung. Eine Human Design Auswertung ist ein individuelles Instrument, das auf dem Human Design System basiert. Dieses System kombiniert Elemente aus verschiedenen spirituellen und wissenschaftlichen Traditionen, darunter die chinesische Philosophie des I Ging, die westliche Astrologie und die Kabbala.<\/p><p>Die Auswertung erstellt eine \u00dcbersicht, die zeigt, wie verschiedene Bereiche deins Wesens wie Denken, F\u00fchlen und Handeln miteinander verbunden sind. Ziel ist es, Einblicke in die eigenen St\u00e4rken, Schw\u00e4chen und das individuelle Potenzial zu geben, um eine bessere Lebensgestaltung und pers\u00f6nliche Entwicklung zu f\u00f6rdern.<\/p><p>Das Ziel dieses Moduls ist es, jungen Menschen ein ganzheitliches Bewusstsein f\u00fcr K\u00f6rper, Gesundheit, Geist, Spiritualit\u00e4t und Ern\u00e4hrung sowie deren Zusammenh\u00e4nge in die Hand zu geben. Junge Menschen lernen, einen achtsamen Umgang mit sich selbst und allem Leben zu pflegen.<\/p>\t\t\t\t\t\t\t\t<\/div>\n\t\t\t\t<\/div>\n\t\t\t\t<div class=\"elementor-element elementor-element-98a06eb elementor-widget elementor-widget-spacer\" data-id=\"98a06eb\" data-element_type=\"widget\" data-e-type=\"widget\" data-widget_type=\"spacer.default\">\n\t\t\t\t<div class=\"elementor-widget-container\">\n\t\t\t\t\t\t\t<div class=\"elementor-spacer\">\n\t\t\t<div class=\"elementor-spacer-inner\"><\/div>\n\t\t<\/div>\n\t\t\t\t\t\t<\/div>\n\t\t\t\t<\/div>\n\t\t\t\t<div class=\"elementor-element elementor-element-deefd32 elementor-invisible elementor-widget elementor-widget-text-editor\" data-id=\"deefd32\" data-element_type=\"widget\" data-e-type=\"widget\" data-settings=\"{&quot;_animation&quot;:&quot;fadeIn&quot;,&quot;_animation_delay&quot;:100}\" data-widget_type=\"text-editor.default\">\n\t\t\t\t<div class=\"elementor-widget-container\">\n\t\t\t\t\t\t\t\t\t<h2><span style=\"color: #ffffff;\">Termine und Preise<\/span><\/h2><p>F\u00fcr weitere Fragen und individuelle Beratung zu unseren ganzj\u00e4hrigen Bildungsprogram nimm gerne Kontakt mit uns auf. Wir freuen uns auf deine Teilnahme und darauf, gro\u00dfartige Erlebnisse miteinander zu teilen! Lass uns gemeinsam neue F\u00e4higkeiten entdecken und deine pers\u00f6nlichen Ziele erreichen.<\/p><div style=\"display: flex; gap: 30px;\"><a href=\"\/?page_id=19\"> <button style=\"background-color: #1db5ff; color: white;\" type=\"button\">Kontakt<\/button><\/a><\/div>\t\t\t\t\t\t\t\t<\/div>\n\t\t\t\t<\/div>\n\t\t\t\t<div class=\"elementor-element elementor-element-34c2d8e elementor-widget elementor-widget-spacer\" data-id=\"34c2d8e\" data-element_type=\"widget\" data-e-type=\"widget\" data-widget_type=\"spacer.default\">\n\t\t\t\t<div class=\"elementor-widget-container\">\n\t\t\t\t\t\t\t<div class=\"elementor-spacer\">\n\t\t\t<div class=\"elementor-spacer-inner\"><\/div>\n\t\t<\/div>\n\t\t\t\t\t\t<\/div>\n\t\t\t\t<\/div>\n\t\t\t\t\t<\/div>\n\t\t<\/div>\n\t\t\t\t\t<\/div>\n\t\t<\/section>\n\t\t\t\t<\/div>\n\t\t","protected":false},"excerpt":{"rendered":"<p>Home Jahreslehrgang Ganzheitlich gesund Der Weg zu einem ausgeglichenen LebenGanzheitliche Gesundheit bedeutet mehr als nur die Abwesenheit von Krankheit. Es geht darum, K\u00f6rper, Geist und Seele in Einklang zu bringen und eine nachhaltige Lebensweise zu pflegen, die alle Aspekte des Lebens ber\u00fccksichtigt. Ein ganzheitlicher Ansatz zur Gesundheit umfasst verschiedene Komponenten, die zusammen ein harmonisches und [&hellip;]<\/p>\n","protected":false},"author":1,"featured_media":0,"parent":2260,"menu_order":0,"comment_status":"closed","ping_status":"closed","template":"elementor_header_footer","meta":{"footnotes":""},"class_list":["post-3678","page","type-page","status-publish","hentry"],"_links":{"self":[{"href":"https:\/\/tapoja.at\/index.php?rest_route=\/wp\/v2\/pages\/3678","targetHints":{"allow":["GET"]}}],"collection":[{"href":"https:\/\/tapoja.at\/index.php?rest_route=\/wp\/v2\/pages"}],"about":[{"href":"https:\/\/tapoja.at\/index.php?rest_route=\/wp\/v2\/types\/page"}],"author":[{"embeddable":true,"href":"https:\/\/tapoja.at\/index.php?rest_route=\/wp\/v2\/users\/1"}],"replies":[{"embeddable":true,"href":"https:\/\/tapoja.at\/index.php?rest_route=%2Fwp%2Fv2%2Fcomments&post=3678"}],"version-history":[{"count":128,"href":"https:\/\/tapoja.at\/index.php?rest_route=\/wp\/v2\/pages\/3678\/revisions"}],"predecessor-version":[{"id":5827,"href":"https:\/\/tapoja.at\/index.php?rest_route=\/wp\/v2\/pages\/3678\/revisions\/5827"}],"up":[{"embeddable":true,"href":"https:\/\/tapoja.at\/index.php?rest_route=\/wp\/v2\/pages\/2260"}],"wp:attachment":[{"href":"https:\/\/tapoja.at\/index.php?rest_route=%2Fwp%2Fv2%2Fmedia&parent=3678"}],"curies":[{"name":"wp","href":"https:\/\/api.w.org\/{rel}","templated":true}]}}