{"id":3255,"date":"2025-01-20T10:53:34","date_gmt":"2025-01-20T09:53:34","guid":{"rendered":"https:\/\/minervasys.at\/tapoja03\/?page_id=3255"},"modified":"2025-04-03T07:17:04","modified_gmt":"2025-04-03T06:17:04","slug":"recht_sitte_angebot","status":"publish","type":"page","link":"https:\/\/tapoja.at\/?page_id=3255","title":{"rendered":"Recht &amp; Sitte"},"content":{"rendered":"\t\t<div data-elementor-type=\"wp-page\" data-elementor-id=\"3255\" class=\"elementor elementor-3255\">\n\t\t\t\t\t\t<section class=\"elementor-section elementor-top-section elementor-element elementor-element-19d6483 elementor-section-boxed elementor-section-height-default elementor-section-height-default\" data-id=\"19d6483\" data-element_type=\"section\" data-e-type=\"section\" data-settings=\"{&quot;jet_parallax_layout_list&quot;:[{&quot;jet_parallax_layout_image&quot;:{&quot;url&quot;:&quot;&quot;,&quot;id&quot;:&quot;&quot;,&quot;size&quot;:&quot;&quot;},&quot;_id&quot;:&quot;34e8390&quot;,&quot;jet_parallax_layout_image_tablet&quot;:{&quot;url&quot;:&quot;&quot;,&quot;id&quot;:&quot;&quot;,&quot;size&quot;:&quot;&quot;},&quot;jet_parallax_layout_image_mobile&quot;:{&quot;url&quot;:&quot;&quot;,&quot;id&quot;:&quot;&quot;,&quot;size&quot;:&quot;&quot;},&quot;jet_parallax_layout_speed&quot;:{&quot;unit&quot;:&quot;%&quot;,&quot;size&quot;:50,&quot;sizes&quot;:[]},&quot;jet_parallax_layout_type&quot;:&quot;scroll&quot;,&quot;jet_parallax_layout_direction&quot;:null,&quot;jet_parallax_layout_fx_direction&quot;:null,&quot;jet_parallax_layout_z_index&quot;:&quot;&quot;,&quot;jet_parallax_layout_bg_x&quot;:50,&quot;jet_parallax_layout_bg_x_tablet&quot;:&quot;&quot;,&quot;jet_parallax_layout_bg_x_mobile&quot;:&quot;&quot;,&quot;jet_parallax_layout_bg_y&quot;:50,&quot;jet_parallax_layout_bg_y_tablet&quot;:&quot;&quot;,&quot;jet_parallax_layout_bg_y_mobile&quot;:&quot;&quot;,&quot;jet_parallax_layout_bg_size&quot;:&quot;auto&quot;,&quot;jet_parallax_layout_bg_size_tablet&quot;:&quot;&quot;,&quot;jet_parallax_layout_bg_size_mobile&quot;:&quot;&quot;,&quot;jet_parallax_layout_animation_prop&quot;:&quot;transform&quot;,&quot;jet_parallax_layout_on&quot;:[&quot;desktop&quot;,&quot;tablet&quot;]}]}\">\n\t\t\t\t\t\t<div class=\"elementor-container elementor-column-gap-default\">\n\t\t\t\t\t<div class=\"elementor-column elementor-col-100 elementor-top-column elementor-element elementor-element-bbfc033\" data-id=\"bbfc033\" data-element_type=\"column\" data-e-type=\"column\">\n\t\t\t<div class=\"elementor-widget-wrap elementor-element-populated\">\n\t\t\t\t\t\t<div class=\"elementor-element elementor-element-cdb24fb elementor-widget elementor-widget-spacer\" data-id=\"cdb24fb\" data-element_type=\"widget\" data-e-type=\"widget\" data-widget_type=\"spacer.default\">\n\t\t\t\t<div class=\"elementor-widget-container\">\n\t\t\t\t\t\t\t<div class=\"elementor-spacer\">\n\t\t\t<div class=\"elementor-spacer-inner\"><\/div>\n\t\t<\/div>\n\t\t\t\t\t\t<\/div>\n\t\t\t\t<\/div>\n\t\t\t\t<div class=\"elementor-element elementor-element-9869087 jet-breadcrumbs-align-left elementor-widget elementor-widget-jet-breadcrumbs\" data-id=\"9869087\" data-element_type=\"widget\" data-e-type=\"widget\" data-widget_type=\"jet-breadcrumbs.default\">\n\t\t\t\t<div class=\"elementor-widget-container\">\n\t\t\t\t\t<div class=\"elementor-jet-breadcrumbs jet-blocks\">\n\t\t<div class=\"jet-breadcrumbs\">\n\t\t<div class=\"jet-breadcrumbs__content\">\n\t\t<div class=\"jet-breadcrumbs__wrap\"><div class=\"jet-breadcrumbs__item\"><a href=\"https:\/\/tapoja.at\/\" class=\"jet-breadcrumbs__item-link is-home\" rel=\"home\" title=\"Home2\">Home2<\/a><\/div>\n\t\t<\/div>\n\t\t<\/div>\n\t\t<\/div><\/div>\t\t\t\t<\/div>\n\t\t\t\t<\/div>\n\t\t\t\t<div class=\"elementor-element elementor-element-99a80f7 elementor-widget elementor-widget-spacer\" data-id=\"99a80f7\" data-element_type=\"widget\" data-e-type=\"widget\" data-widget_type=\"spacer.default\">\n\t\t\t\t<div class=\"elementor-widget-container\">\n\t\t\t\t\t\t\t<div class=\"elementor-spacer\">\n\t\t\t<div class=\"elementor-spacer-inner\"><\/div>\n\t\t<\/div>\n\t\t\t\t\t\t<\/div>\n\t\t\t\t<\/div>\n\t\t\t\t\t<\/div>\n\t\t<\/div>\n\t\t\t\t\t<\/div>\n\t\t<\/section>\n\t\t\t\t<section class=\"elementor-section elementor-top-section elementor-element elementor-element-7deb49f elementor-section-boxed elementor-section-height-default elementor-section-height-default\" data-id=\"7deb49f\" data-element_type=\"section\" data-e-type=\"section\" data-settings=\"{&quot;jet_parallax_layout_list&quot;:[{&quot;jet_parallax_layout_image&quot;:{&quot;url&quot;:&quot;&quot;,&quot;id&quot;:&quot;&quot;,&quot;size&quot;:&quot;&quot;},&quot;_id&quot;:&quot;d955466&quot;,&quot;jet_parallax_layout_image_tablet&quot;:{&quot;url&quot;:&quot;&quot;,&quot;id&quot;:&quot;&quot;,&quot;size&quot;:&quot;&quot;},&quot;jet_parallax_layout_image_mobile&quot;:{&quot;url&quot;:&quot;&quot;,&quot;id&quot;:&quot;&quot;,&quot;size&quot;:&quot;&quot;},&quot;jet_parallax_layout_speed&quot;:{&quot;unit&quot;:&quot;%&quot;,&quot;size&quot;:50,&quot;sizes&quot;:[]},&quot;jet_parallax_layout_type&quot;:&quot;scroll&quot;,&quot;jet_parallax_layout_direction&quot;:null,&quot;jet_parallax_layout_fx_direction&quot;:null,&quot;jet_parallax_layout_z_index&quot;:&quot;&quot;,&quot;jet_parallax_layout_bg_x&quot;:50,&quot;jet_parallax_layout_bg_x_tablet&quot;:&quot;&quot;,&quot;jet_parallax_layout_bg_x_mobile&quot;:&quot;&quot;,&quot;jet_parallax_layout_bg_y&quot;:50,&quot;jet_parallax_layout_bg_y_tablet&quot;:&quot;&quot;,&quot;jet_parallax_layout_bg_y_mobile&quot;:&quot;&quot;,&quot;jet_parallax_layout_bg_size&quot;:&quot;auto&quot;,&quot;jet_parallax_layout_bg_size_tablet&quot;:&quot;&quot;,&quot;jet_parallax_layout_bg_size_mobile&quot;:&quot;&quot;,&quot;jet_parallax_layout_animation_prop&quot;:&quot;transform&quot;,&quot;jet_parallax_layout_on&quot;:[&quot;desktop&quot;,&quot;tablet&quot;]}],&quot;background_background&quot;:&quot;slideshow&quot;,&quot;background_slideshow_gallery&quot;:[{&quot;id&quot;:3291,&quot;url&quot;:&quot;https:\\\/\\\/tapoja.at\\\/wp-content\\\/uploads\\\/2025\\\/01\\\/rechtsitte1_1.jpg&quot;}],&quot;background_slideshow_slide_duration&quot;:5000,&quot;background_slideshow_slide_transition&quot;:&quot;fade&quot;,&quot;background_slideshow_transition_duration&quot;:500}\">\n\t\t\t\t\t\t<div class=\"elementor-container elementor-column-gap-no\">\n\t\t\t\t\t<div class=\"elementor-column elementor-col-100 elementor-top-column elementor-element elementor-element-39b294b\" data-id=\"39b294b\" data-element_type=\"column\" data-e-type=\"column\">\n\t\t\t<div class=\"elementor-widget-wrap elementor-element-populated\">\n\t\t\t\t\t\t<div class=\"elementor-element elementor-element-17b79ca elementor-widget elementor-widget-spacer\" data-id=\"17b79ca\" data-element_type=\"widget\" data-e-type=\"widget\" data-widget_type=\"spacer.default\">\n\t\t\t\t<div class=\"elementor-widget-container\">\n\t\t\t\t\t\t\t<div class=\"elementor-spacer\">\n\t\t\t<div class=\"elementor-spacer-inner\"><\/div>\n\t\t<\/div>\n\t\t\t\t\t\t<\/div>\n\t\t\t\t<\/div>\n\t\t\t\t<section class=\"elementor-section elementor-inner-section elementor-element elementor-element-47d596d elementor-section-boxed elementor-section-height-default elementor-section-height-default\" data-id=\"47d596d\" data-element_type=\"section\" data-e-type=\"section\" data-settings=\"{&quot;jet_parallax_layout_list&quot;:[],&quot;animation&quot;:&quot;none&quot;}\">\n\t\t\t\t\t\t<div class=\"elementor-container elementor-column-gap-default\">\n\t\t\t\t\t<div class=\"elementor-column elementor-col-33 elementor-inner-column elementor-element elementor-element-84b6efa elementor-invisible\" data-id=\"84b6efa\" data-element_type=\"column\" data-e-type=\"column\" data-settings=\"{&quot;background_background&quot;:&quot;classic&quot;,&quot;animation&quot;:&quot;fadeIn&quot;,&quot;animation_delay&quot;:0}\">\n\t\t\t<div class=\"elementor-widget-wrap elementor-element-populated\">\n\t\t\t\t\t\t<div class=\"elementor-element elementor-element-680722e elementor-widget elementor-widget-image\" data-id=\"680722e\" data-element_type=\"widget\" data-e-type=\"widget\" data-widget_type=\"image.default\">\n\t\t\t\t<div class=\"elementor-widget-container\">\n\t\t\t\t\t\t\t\t\t\t\t\t\t\t\t<img fetchpriority=\"high\" decoding=\"async\" width=\"400\" height=\"400\" src=\"https:\/\/tapoja.at\/wp-content\/uploads\/2025\/01\/gottfried2-400x400.jpg\" class=\"attachment-kava-thumb-m size-kava-thumb-m wp-image-3388\" alt=\"\" srcset=\"https:\/\/tapoja.at\/wp-content\/uploads\/2025\/01\/gottfried2-400x400.jpg 400w, https:\/\/tapoja.at\/wp-content\/uploads\/2025\/01\/gottfried2-300x300.jpg 300w, https:\/\/tapoja.at\/wp-content\/uploads\/2025\/01\/gottfried2-150x150.jpg 150w, https:\/\/tapoja.at\/wp-content\/uploads\/2025\/01\/gottfried2-230x230.jpg 230w, https:\/\/tapoja.at\/wp-content\/uploads\/2025\/01\/gottfried2.jpg 500w\" sizes=\"(max-width: 400px) 100vw, 400px\" \/>\t\t\t\t\t\t\t\t\t\t\t\t\t\t\t<\/div>\n\t\t\t\t<\/div>\n\t\t\t\t\t<\/div>\n\t\t<\/div>\n\t\t\t\t<div class=\"elementor-column elementor-col-66 elementor-inner-column elementor-element elementor-element-189d0fc\" data-id=\"189d0fc\" data-element_type=\"column\" data-e-type=\"column\" data-settings=\"{&quot;background_background&quot;:&quot;classic&quot;,&quot;animation&quot;:&quot;none&quot;,&quot;animation_delay&quot;:100}\">\n\t\t\t<div class=\"elementor-widget-wrap elementor-element-populated\">\n\t\t\t\t\t\t<div class=\"elementor-element elementor-element-5dbe657 elementor-invisible elementor-widget elementor-widget-text-editor\" data-id=\"5dbe657\" data-element_type=\"widget\" data-e-type=\"widget\" data-settings=\"{&quot;_animation&quot;:&quot;fadeIn&quot;,&quot;_animation_delay&quot;:100}\" data-widget_type=\"text-editor.default\">\n\t\t\t\t<div class=\"elementor-widget-container\">\n\t\t\t\t\t\t\t\t\t<h2><span style=\"color: #ffffff;\">Recht und Sitte \u2013 Eventreihe<br \/><\/span><\/h2><p>Entdecke die faszinierenden Zusammenh\u00e4nge unseres Rechts-, Finanz- und Wirtschaftssystems aus einer etwas anderen Perspektive. Diese Masterclass bietet dir die M\u00f6glichkeit, tief in die Welt der Zeichen und Symbole einzutauchen, die unser t\u00e4gliches Leben unbemerkt beeinflussen. Du wirst lernen, diese subtilen Hinweise zu erkennen und zu verstehen, wodurch sich deine Sichtweise auf dein bisheriges Menschen- und Weltbild grundlegend ver\u00e4ndern wird.<\/p><p>Diese Eventreihe wird regelm\u00e4\u00dfig angeboten. Falls aktuell kein Termin in unserem Eventkalender ausgeschrieben ist, kannst du dich dennoch f\u00fcr den Workshop anmelden. Du wirst dann \u00fcber den n\u00e4chstm\u00f6glichen Termin informiert.<\/p><div style=\"display: flex; gap: 30px;\"><a href=\"\/?page_id=5070\"> <button style=\"background-color: #1db5ff; color: white;\" type=\"button\">Termine<\/button> <\/a> <a href=\"\/?page_id=2027\"> <button style=\"background-color: #1db5ff; color: white;\" type=\"button\">Anmeldung<\/button><\/a><\/div>\t\t\t\t\t\t\t\t<\/div>\n\t\t\t\t<\/div>\n\t\t\t\t\t<\/div>\n\t\t<\/div>\n\t\t\t\t\t<\/div>\n\t\t<\/section>\n\t\t\t\t<div class=\"elementor-element elementor-element-f9cbd97 elementor-widget elementor-widget-spacer\" data-id=\"f9cbd97\" data-element_type=\"widget\" data-e-type=\"widget\" data-widget_type=\"spacer.default\">\n\t\t\t\t<div class=\"elementor-widget-container\">\n\t\t\t\t\t\t\t<div class=\"elementor-spacer\">\n\t\t\t<div class=\"elementor-spacer-inner\"><\/div>\n\t\t<\/div>\n\t\t\t\t\t\t<\/div>\n\t\t\t\t<\/div>\n\t\t\t\t<div class=\"elementor-element elementor-element-707b2ba elementor-invisible elementor-widget elementor-widget-text-editor\" data-id=\"707b2ba\" data-element_type=\"widget\" data-e-type=\"widget\" data-settings=\"{&quot;_animation&quot;:&quot;fadeIn&quot;,&quot;_animation_delay&quot;:100}\" data-widget_type=\"text-editor.default\">\n\t\t\t\t<div class=\"elementor-widget-container\">\n\t\t\t\t\t\t\t\t\t<h2><span style=\"color: #ffffff;\">\u00dcber den Referenten<\/span><\/h2><p>gottfried herrmann ist seit vielen Jahren ein gesch\u00e4tzter und engagierter Unterst\u00fctzer unseres Vereins.\u00a0<\/p><p>\u00dcber viele Jahre hinweg hat er sich eingehend mit der Essenz und den Feinheiten dieses komplexen Gebiets des Rechtssystems auseinandergesetzt. Seine einzigartige F\u00e4higkeit, in allen Lebenssituationen eine strukturierte Vorgehensweise zu verfolgen, hebt ihn deutlich von anderen Fachkundigen ab. Diese Methode erm\u00f6glicht es ihm, auch in den anspruchsvollsten und herausforderndsten Situationen klare und effiziente L\u00f6sungswege zu finden.<\/p><p>Seine Herangehensweise stellt einen entscheidenden Zugang zu diesem vielschichtigen Thema dar. Gleichzeitig gelingt es ihm jedoch, die komplexen Inhalte auf eine verst\u00e4ndliche und zug\u00e4ngliche Weise zu vermitteln. Diese F\u00e4higkeit, auch schwierige Sachverhalte einfach und klar darzustellen, macht seine Methode besonders wertvoll und erm\u00f6glicht es, ein breiteres Publikum zu erreichen und zu begeistern.<\/p>\t\t\t\t\t\t\t\t<\/div>\n\t\t\t\t<\/div>\n\t\t\t\t<div class=\"elementor-element elementor-element-fe33c2e elementor-widget elementor-widget-spacer\" data-id=\"fe33c2e\" data-element_type=\"widget\" data-e-type=\"widget\" data-widget_type=\"spacer.default\">\n\t\t\t\t<div class=\"elementor-widget-container\">\n\t\t\t\t\t\t\t<div class=\"elementor-spacer\">\n\t\t\t<div class=\"elementor-spacer-inner\"><\/div>\n\t\t<\/div>\n\t\t\t\t\t\t<\/div>\n\t\t\t\t<\/div>\n\t\t\t\t<div class=\"elementor-element elementor-element-d1e7002 elementor-invisible elementor-widget elementor-widget-text-editor\" data-id=\"d1e7002\" data-element_type=\"widget\" data-e-type=\"widget\" data-settings=\"{&quot;_animation&quot;:&quot;fadeIn&quot;,&quot;_animation_delay&quot;:100}\" data-widget_type=\"text-editor.default\">\n\t\t\t\t<div class=\"elementor-widget-container\">\n\t\t\t\t\t\t\t\t\t<h2><span style=\"color: #ffffff;\">Was beinhaltet die Eventreihe<\/span><\/h2><ul><li><b>Modul 1:<\/b> Grundlagen Recht &amp; Sitte<\/li><li><b style=\"letter-spacing: 0px;\">Modul 2:<\/b><span style=\"letter-spacing: 0px;\"> Vertiefung zu Modul 1<\/span><\/li><li><b>Modul 3:<\/b> Die Hermetischen Gesetze<\/li><li><b>Modul 4:<\/b> Strukturierte Aufgabenl\u00f6sung<\/li><\/ul><p><a href=\"https:\/\/zusammenkunft.bewahrungwissen.at\/b\/got-sen-1xw-h6y\"><button style=\"background-color: #1db5ff; color: white;\" type=\"button\">Meetingraum<\/button><\/a><\/p>\t\t\t\t\t\t\t\t<\/div>\n\t\t\t\t<\/div>\n\t\t\t\t<div class=\"elementor-element elementor-element-a20a421 elementor-widget elementor-widget-spacer\" data-id=\"a20a421\" data-element_type=\"widget\" data-e-type=\"widget\" data-widget_type=\"spacer.default\">\n\t\t\t\t<div class=\"elementor-widget-container\">\n\t\t\t\t\t\t\t<div class=\"elementor-spacer\">\n\t\t\t<div class=\"elementor-spacer-inner\"><\/div>\n\t\t<\/div>\n\t\t\t\t\t\t<\/div>\n\t\t\t\t<\/div>\n\t\t\t\t<div class=\"elementor-element elementor-element-ba61706 elementor-invisible elementor-widget elementor-widget-text-editor\" data-id=\"ba61706\" data-element_type=\"widget\" data-e-type=\"widget\" data-settings=\"{&quot;_animation&quot;:&quot;fadeIn&quot;,&quot;_animation_delay&quot;:100}\" data-widget_type=\"text-editor.default\">\n\t\t\t\t<div class=\"elementor-widget-container\">\n\t\t\t\t\t\t\t\t\t<h2><span style=\"color: #ffffff;\">Webinar 1 &#8211; \u201eGrundlagen\u201c<\/span><\/h2><div class=\"elementor-element elementor-element-f458b9f elementor-widget__width-initial elementor-widget elementor-widget-text-editor\" data-id=\"f458b9f\" data-element_type=\"widget\" data-widget_type=\"text-editor.default\"><div class=\"elementor-widget-container\"><p>Es werden Erkl\u00e4rungen zu folgende Fragen gegeben:<strong><br \/><\/strong><\/p><ul><li>Was ist ein Rechtskreis?<\/li><li>Wie erkenne ich die wahre Bedeutung von Gesetzestexten?<\/li><li>Was haben Zeichen und Symbole f\u00fcr eine Bedeutung?<\/li><li>Was ist der Unterschied zwischen \u201eMensch\u201c und \u201ePerson\u201c?<\/li><li>Wie wird der Mensch zur Person?<\/li><\/ul><h2><span style=\"color: #ffffff;\">Vorschau Webinar 2 &#8211; \u201eVertiefung Modul 1&#8243;<\/span><\/h2><p>Im Webinar werden folgende Themen angesprochen:<\/p><ul><li>Wie h\u00e4ngt das Finanzsystem mit dem Rechtssystem zusammen?<\/li><li>Wie funktioniert das Finanzsystem \u201ewirklich\u201c?<\/li><li>Was ist das \u201eSystem\u201c hinter dem \u201eSystem\u201c?<\/li><li>Was ist unsere Rolle in dem System?<\/li><li>Wie k\u00f6nnen wir eine andere Rolle einnehmen, wenn uns die bisherige nicht mehr behagt?<\/li><li>Was hat das Rechtssystem mit unserem Bewusstsein und mit Spiritualit\u00e4t zu tun?<\/li><li>Welchen Einfluss hat dieses Wissen auf die Art und Weise unseres zwischenmenschlichen Umgangs&#8230;?<\/li><\/ul><h2><span style=\"color: #ffffff;\">Vorschau Webinar 3 &#8211; \u201eDie Hermetischen Gesetze\u201c (Kybalion)<\/span><\/h2><p>Im Webinar finden wir Antworten auf die Fragen:<\/p><ul><li>Was sind die Hermetischen Gesetze?<\/li><li>Wie lauten die Hermetischen Gesetze?<\/li><li>Wie erkenne ich die Hermetischen Gesetze in deren Bedeutung und Wirkung?<\/li><li>Was ist meine Rolle in der Anwendung der Hermetischen Gesetze?<\/li><li>Wie kann ich die Hermetischen Gesetze in dieser Rolle im Alltag nutzen?<\/li><li>Was haben die Hermetischen Gesetze mit meinem Bewusstsein und mit Spiritualit\u00e4t zu tun?<\/li><li>Welchen Einfluss hat dieses Wissen auf die Art und Weise unseres zwischenmenschlichen Umgangs&#8230;?<\/li><\/ul><p>Ziel ist ein Grundverst\u00e4ndnis f\u00fcr die Hermetischen Gesetze zu erlangen und diese im Alltag zum besten Wohle aller anwenden zu k\u00f6nnen.<\/p><h2><span style=\"color: #ffffff;\">Vorschau Webinar 4 &#8211; \u201eStrukturierte Aufgabenl\u00f6sung\u201c<\/span><\/h2><div class=\"elementor-element elementor-element-c533393 elementor-widget__width-initial elementor-widget elementor-widget-text-editor\" data-id=\"c533393\" data-element_type=\"widget\" data-widget_type=\"text-editor.default\"><div class=\"elementor-widget-container\"><p>Im Webinar wird ein Methodenwerkzeug vorgestellt, mit dem in einem Prozess die Aufgabenstellungen strukturiert aufbereitet, entschieden und zielgerichtet bearbeitet werden.<\/p><\/div><\/div><div class=\"elementor-element elementor-element-42c81c6 elementor-widget__width-initial elementor-widget elementor-widget-text-editor\" data-id=\"42c81c6\" data-element_type=\"widget\" data-widget_type=\"text-editor.default\"><div class=\"elementor-widget-container\"><p>Das sind die sechs Schritte des Vorgehens:<\/p><ul><li>Wie eine Aufgabenstellung (Problem, Wunschvorstellung) ausgew\u00e4hlt und beschrieben wird.<\/li><li>Was es braucht die Situation zu verstehen und wie Ziele richtig gesetzt werden.<\/li><li>Wie Ursachen auf Grundlage von Daten analysiert werden.<\/li><li>Wie m\u00f6gliche Ma\u00dfnahmen zur Zielerreichung gefunden und in einem Entscheidungsprozess ausgew\u00e4hlt werden.<\/li><li>Wie die Auswahl umgesetzt und die Ergebnisse mit der Zielsetzung abgeglichen werden.<\/li><li>Wie das Erreichte abgesichert werden kann und welche Erkenntnisse weiterhelfen k\u00f6nnen.<\/li><\/ul><div class=\"elementor-element elementor-element-5f979cf elementor-widget__width-initial elementor-widget elementor-widget-text-editor\" data-id=\"5f979cf\" data-element_type=\"widget\" data-widget_type=\"text-editor.default\"><div class=\"elementor-widget-container\"><p>Mit dem genannten Schritte k\u00f6nnen Probleme gel\u00f6st werden, als auch von einem guten Zustand h\u00f6her gesteckte Zielsetzungen erreicht werden. Ziel des Webinars ist es, ein Grundverst\u00e4ndnis f\u00fcr die Methodenanwendung zu erlangen. Die praktische Anwendung kann an Hand echter Anwendungsf\u00e4lle mit Begleitung ge\u00fcbt werden.<\/p><\/div><\/div><div class=\"elementor-element elementor-element-f90fc0e elementor-widget__width-initial elementor-widget elementor-widget-text-editor\" data-id=\"f90fc0e\" data-element_type=\"widget\" data-widget_type=\"text-editor.default\"><div class=\"elementor-widget-container\"><p>Die angef\u00fchrten Themen k\u00f6nnen je nach Interesse und Bewusstsein der Teilnehmer im Zuge\u00a0 der Erkl\u00e4rungen zwischen den beiden Webinaren \u201everschwimmen\u201c und durch weitere Themenfelder erweitert werden.<\/p><\/div><\/div><div class=\"elementor-element elementor-element-1e340b1 elementor-widget__width-initial elementor-widget elementor-widget-text-editor\" data-id=\"1e340b1\" data-element_type=\"widget\" data-widget_type=\"text-editor.default\"><div class=\"elementor-widget-container\"><p>Die Anmeldung erfolgt f\u00fcr die gesamte Eventreihe. Du bekommst vor jedem Webinar eine Erinnerung mit dem dazugeh\u00f6rigen Einwahllink f\u00fcr deine Teilnahme. Wichtig dazu auch: bitte im Vorfeld auf eine gute Internetverbindung zu schauen.<\/p><\/div><\/div><div class=\"elementor-element elementor-element-998e573 elementor-widget__width-initial elementor-widget elementor-widget-text-editor\" data-id=\"998e573\" data-element_type=\"widget\" data-widget_type=\"text-editor.default\"><div class=\"elementor-widget-container\"><p>Ich freue mich \u00fcber jene Menschen, die mit den erhaltenen Informationen auch ins Tun kommen wollen, und gemeinsam den \u201eWeg der Erfreiung\u201c mittels Projekte gehen. Ich wirke auf Grundlage der \u201eSchenk\u00f6konomie\u201c, siehe dazu auch\u00a0<a href=\"https:\/\/gaia-energy.org\/schenkoekonomie-das-finanzsystem-der-natur\/\" target=\"_blank\" rel=\"noopener\"><strong>Schenk\u00f6konomie das Finanzsystem der Natur<\/strong><\/a>. Alle gegeben Informationen sind mein Wissensstand, der in Eigenverantwortung durch jeden Teilnehmer selbst zu pr\u00fcfen und zu hinterfragen ist.<\/p><\/div><\/div><div class=\"elementor-element elementor-element-2df4e82 elementor-widget__width-initial elementor-widget elementor-widget-text-editor\" data-id=\"2df4e82\" data-element_type=\"widget\" data-widget_type=\"text-editor.default\"><div class=\"elementor-widget-container\"><p>Ich freue mich auf die gemeinsamen Zeit und alle Erkenntnisse und neuen Erfahrungen in der Seminarreihe \u201cRecht &amp; Sitte\u201d.<\/p><\/div><\/div><\/div><\/div><\/div><\/div>\t\t\t\t\t\t\t\t<\/div>\n\t\t\t\t<\/div>\n\t\t\t\t<div class=\"elementor-element elementor-element-514bbf3 elementor-widget elementor-widget-spacer\" data-id=\"514bbf3\" data-element_type=\"widget\" data-e-type=\"widget\" data-widget_type=\"spacer.default\">\n\t\t\t\t<div class=\"elementor-widget-container\">\n\t\t\t\t\t\t\t<div class=\"elementor-spacer\">\n\t\t\t<div class=\"elementor-spacer-inner\"><\/div>\n\t\t<\/div>\n\t\t\t\t\t\t<\/div>\n\t\t\t\t<\/div>\n\t\t\t\t\t<\/div>\n\t\t<\/div>\n\t\t\t\t\t<\/div>\n\t\t<\/section>\n\t\t\t\t<\/div>\n\t\t","protected":false},"excerpt":{"rendered":"<p>Home Recht und Sitte \u2013 Eventreihe Entdecke die faszinierenden Zusammenh\u00e4nge unseres Rechts-, Finanz- und Wirtschaftssystems aus einer etwas anderen Perspektive. Diese Masterclass bietet dir die M\u00f6glichkeit, tief in die Welt der Zeichen und Symbole einzutauchen, die unser t\u00e4gliches Leben unbemerkt beeinflussen. Du wirst lernen, diese subtilen Hinweise zu erkennen und zu verstehen, wodurch sich deine [&hellip;]<\/p>\n","protected":false},"author":1,"featured_media":0,"parent":2260,"menu_order":0,"comment_status":"closed","ping_status":"closed","template":"page-templates\/fullwidth-content.php","meta":{"footnotes":""},"class_list":["post-3255","page","type-page","status-publish","hentry"],"_links":{"self":[{"href":"https:\/\/tapoja.at\/index.php?rest_route=\/wp\/v2\/pages\/3255","targetHints":{"allow":["GET"]}}],"collection":[{"href":"https:\/\/tapoja.at\/index.php?rest_route=\/wp\/v2\/pages"}],"about":[{"href":"https:\/\/tapoja.at\/index.php?rest_route=\/wp\/v2\/types\/page"}],"author":[{"embeddable":true,"href":"https:\/\/tapoja.at\/index.php?rest_route=\/wp\/v2\/users\/1"}],"replies":[{"embeddable":true,"href":"https:\/\/tapoja.at\/index.php?rest_route=%2Fwp%2Fv2%2Fcomments&post=3255"}],"version-history":[{"count":175,"href":"https:\/\/tapoja.at\/index.php?rest_route=\/wp\/v2\/pages\/3255\/revisions"}],"predecessor-version":[{"id":5842,"href":"https:\/\/tapoja.at\/index.php?rest_route=\/wp\/v2\/pages\/3255\/revisions\/5842"}],"up":[{"embeddable":true,"href":"https:\/\/tapoja.at\/index.php?rest_route=\/wp\/v2\/pages\/2260"}],"wp:attachment":[{"href":"https:\/\/tapoja.at\/index.php?rest_route=%2Fwp%2Fv2%2Fmedia&parent=3255"}],"curies":[{"name":"wp","href":"https:\/\/api.w.org\/{rel}","templated":true}]}}