{"id":2417,"date":"2025-01-10T15:22:00","date_gmt":"2025-01-10T14:22:00","guid":{"rendered":"https:\/\/minervasys.at\/tapoja03\/?page_id=2417"},"modified":"2025-04-03T07:18:19","modified_gmt":"2025-04-03T06:18:19","slug":"wirkgemeinschaften_angebot","status":"publish","type":"page","link":"https:\/\/tapoja.at\/?page_id=2417","title":{"rendered":"Wirkgemeinschaften"},"content":{"rendered":"\t\t<div data-elementor-type=\"wp-page\" data-elementor-id=\"2417\" class=\"elementor elementor-2417\">\n\t\t\t\t\t\t<section class=\"elementor-section elementor-top-section elementor-element elementor-element-387a6c4 elementor-section-boxed elementor-section-height-default elementor-section-height-default\" data-id=\"387a6c4\" data-element_type=\"section\" data-e-type=\"section\" data-settings=\"{&quot;jet_parallax_layout_list&quot;:[{&quot;jet_parallax_layout_image&quot;:{&quot;url&quot;:&quot;&quot;,&quot;id&quot;:&quot;&quot;,&quot;size&quot;:&quot;&quot;},&quot;_id&quot;:&quot;34e8390&quot;,&quot;jet_parallax_layout_image_tablet&quot;:{&quot;url&quot;:&quot;&quot;,&quot;id&quot;:&quot;&quot;,&quot;size&quot;:&quot;&quot;},&quot;jet_parallax_layout_image_mobile&quot;:{&quot;url&quot;:&quot;&quot;,&quot;id&quot;:&quot;&quot;,&quot;size&quot;:&quot;&quot;},&quot;jet_parallax_layout_speed&quot;:{&quot;unit&quot;:&quot;%&quot;,&quot;size&quot;:50,&quot;sizes&quot;:[]},&quot;jet_parallax_layout_type&quot;:&quot;scroll&quot;,&quot;jet_parallax_layout_direction&quot;:null,&quot;jet_parallax_layout_fx_direction&quot;:null,&quot;jet_parallax_layout_z_index&quot;:&quot;&quot;,&quot;jet_parallax_layout_bg_x&quot;:50,&quot;jet_parallax_layout_bg_x_tablet&quot;:&quot;&quot;,&quot;jet_parallax_layout_bg_x_mobile&quot;:&quot;&quot;,&quot;jet_parallax_layout_bg_y&quot;:50,&quot;jet_parallax_layout_bg_y_tablet&quot;:&quot;&quot;,&quot;jet_parallax_layout_bg_y_mobile&quot;:&quot;&quot;,&quot;jet_parallax_layout_bg_size&quot;:&quot;auto&quot;,&quot;jet_parallax_layout_bg_size_tablet&quot;:&quot;&quot;,&quot;jet_parallax_layout_bg_size_mobile&quot;:&quot;&quot;,&quot;jet_parallax_layout_animation_prop&quot;:&quot;transform&quot;,&quot;jet_parallax_layout_on&quot;:[&quot;desktop&quot;,&quot;tablet&quot;]}]}\">\n\t\t\t\t\t\t<div class=\"elementor-container elementor-column-gap-default\">\n\t\t\t\t\t<div class=\"elementor-column elementor-col-100 elementor-top-column elementor-element elementor-element-a5a848f\" data-id=\"a5a848f\" data-element_type=\"column\" data-e-type=\"column\">\n\t\t\t<div class=\"elementor-widget-wrap elementor-element-populated\">\n\t\t\t\t\t\t<div class=\"elementor-element elementor-element-3dae634 jet-breadcrumbs-align-left elementor-widget elementor-widget-jet-breadcrumbs\" data-id=\"3dae634\" data-element_type=\"widget\" data-e-type=\"widget\" data-widget_type=\"jet-breadcrumbs.default\">\n\t\t\t\t<div class=\"elementor-widget-container\">\n\t\t\t\t\t<div class=\"elementor-jet-breadcrumbs jet-blocks\">\n\t\t<div class=\"jet-breadcrumbs\">\n\t\t<div class=\"jet-breadcrumbs__content\">\n\t\t<div class=\"jet-breadcrumbs__wrap\"><div class=\"jet-breadcrumbs__item\"><a href=\"https:\/\/tapoja.at\/\" class=\"jet-breadcrumbs__item-link is-home\" rel=\"home\" title=\"Home2\">Home2<\/a><\/div>\n\t\t<\/div>\n\t\t<\/div>\n\t\t<\/div><\/div>\t\t\t\t<\/div>\n\t\t\t\t<\/div>\n\t\t\t\t<div class=\"elementor-element elementor-element-5578759 elementor-widget elementor-widget-spacer\" data-id=\"5578759\" data-element_type=\"widget\" data-e-type=\"widget\" data-widget_type=\"spacer.default\">\n\t\t\t\t<div class=\"elementor-widget-container\">\n\t\t\t\t\t\t\t<div class=\"elementor-spacer\">\n\t\t\t<div class=\"elementor-spacer-inner\"><\/div>\n\t\t<\/div>\n\t\t\t\t\t\t<\/div>\n\t\t\t\t<\/div>\n\t\t\t\t\t<\/div>\n\t\t<\/div>\n\t\t\t\t\t<\/div>\n\t\t<\/section>\n\t\t\t\t<section class=\"elementor-section elementor-top-section elementor-element elementor-element-2b4b263 elementor-section-boxed elementor-section-height-default elementor-section-height-default\" data-id=\"2b4b263\" data-element_type=\"section\" data-e-type=\"section\" data-settings=\"{&quot;jet_parallax_layout_list&quot;:[{&quot;jet_parallax_layout_image&quot;:{&quot;url&quot;:&quot;&quot;,&quot;id&quot;:&quot;&quot;,&quot;size&quot;:&quot;&quot;},&quot;_id&quot;:&quot;d955466&quot;,&quot;jet_parallax_layout_image_tablet&quot;:{&quot;url&quot;:&quot;&quot;,&quot;id&quot;:&quot;&quot;,&quot;size&quot;:&quot;&quot;},&quot;jet_parallax_layout_image_mobile&quot;:{&quot;url&quot;:&quot;&quot;,&quot;id&quot;:&quot;&quot;,&quot;size&quot;:&quot;&quot;},&quot;jet_parallax_layout_speed&quot;:{&quot;unit&quot;:&quot;%&quot;,&quot;size&quot;:50,&quot;sizes&quot;:[]},&quot;jet_parallax_layout_type&quot;:&quot;scroll&quot;,&quot;jet_parallax_layout_direction&quot;:null,&quot;jet_parallax_layout_fx_direction&quot;:null,&quot;jet_parallax_layout_z_index&quot;:&quot;&quot;,&quot;jet_parallax_layout_bg_x&quot;:50,&quot;jet_parallax_layout_bg_x_tablet&quot;:&quot;&quot;,&quot;jet_parallax_layout_bg_x_mobile&quot;:&quot;&quot;,&quot;jet_parallax_layout_bg_y&quot;:50,&quot;jet_parallax_layout_bg_y_tablet&quot;:&quot;&quot;,&quot;jet_parallax_layout_bg_y_mobile&quot;:&quot;&quot;,&quot;jet_parallax_layout_bg_size&quot;:&quot;auto&quot;,&quot;jet_parallax_layout_bg_size_tablet&quot;:&quot;&quot;,&quot;jet_parallax_layout_bg_size_mobile&quot;:&quot;&quot;,&quot;jet_parallax_layout_animation_prop&quot;:&quot;transform&quot;,&quot;jet_parallax_layout_on&quot;:[&quot;desktop&quot;,&quot;tablet&quot;]}],&quot;background_background&quot;:&quot;classic&quot;}\">\n\t\t\t\t\t\t<div class=\"elementor-container elementor-column-gap-no\">\n\t\t\t\t\t<div class=\"elementor-column elementor-col-100 elementor-top-column elementor-element elementor-element-ac670bc\" data-id=\"ac670bc\" data-element_type=\"column\" data-e-type=\"column\">\n\t\t\t<div class=\"elementor-widget-wrap elementor-element-populated\">\n\t\t\t\t\t\t<div class=\"elementor-element elementor-element-50611da elementor-widget elementor-widget-spacer\" data-id=\"50611da\" data-element_type=\"widget\" data-e-type=\"widget\" data-widget_type=\"spacer.default\">\n\t\t\t\t<div class=\"elementor-widget-container\">\n\t\t\t\t\t\t\t<div class=\"elementor-spacer\">\n\t\t\t<div class=\"elementor-spacer-inner\"><\/div>\n\t\t<\/div>\n\t\t\t\t\t\t<\/div>\n\t\t\t\t<\/div>\n\t\t\t\t<div class=\"elementor-element elementor-element-366c739 elementor-invisible elementor-widget elementor-widget-text-editor\" data-id=\"366c739\" data-element_type=\"widget\" data-e-type=\"widget\" data-settings=\"{&quot;_animation&quot;:&quot;fadeIn&quot;,&quot;_animation_delay&quot;:500}\" data-widget_type=\"text-editor.default\">\n\t\t\t\t<div class=\"elementor-widget-container\">\n\t\t\t\t\t\t\t\t\t<h2><span style=\"color: #ffffff;\">Wirkgemeinschaft<\/span><\/h2><p>Wir verstehen eine Wirkgemeinschaft als eine Form der Zusammenarbeit von Menschen oder Organisationen, die darauf abzielt, gemeinsame Ziele zu erreichen und Ressourcen effizient zu nutzen. Diese Gemeinschaft basiert auf unseren gemeinsamen Interessen und Zielen. Durch unsere Zusammenarbeit f\u00f6rdern wir Wissen, F\u00e4higkeiten und Innovationen und tragen so zum gemeinsamen Erfolg bei.<br \/><br \/>Im Vordergrund steht das gemeinschaftsgetragene Gemeinwohl, wodurch alle Beteiligten durch ihren Einsatz profitieren k\u00f6nnen. Dies bedeutet, dass der Nutzen der Zusammenarbeit nicht nur den Einzelnen voranbringt, sondern das Wohl aller Beteiligten f\u00f6rdert. Jeder Beitrag und jede Anstrengung unserer \u201cDorf\u201dmitglieder tragen dazu bei, gemeinsame Ziele zu erreichen und positive Ver\u00e4nderungen zu bewirken.<\/p>\t\t\t\t\t\t\t\t<\/div>\n\t\t\t\t<\/div>\n\t\t\t\t<div class=\"elementor-element elementor-element-5c147b0 elementor-widget elementor-widget-spacer\" data-id=\"5c147b0\" data-element_type=\"widget\" data-e-type=\"widget\" data-widget_type=\"spacer.default\">\n\t\t\t\t<div class=\"elementor-widget-container\">\n\t\t\t\t\t\t\t<div class=\"elementor-spacer\">\n\t\t\t<div class=\"elementor-spacer-inner\"><\/div>\n\t\t<\/div>\n\t\t\t\t\t\t<\/div>\n\t\t\t\t<\/div>\n\t\t\t\t<section class=\"elementor-section elementor-inner-section elementor-element elementor-element-e803771 elementor-section-boxed elementor-section-height-default elementor-section-height-default\" data-id=\"e803771\" data-element_type=\"section\" data-e-type=\"section\" data-settings=\"{&quot;jet_parallax_layout_list&quot;:[]}\">\n\t\t\t\t\t\t<div class=\"elementor-container elementor-column-gap-default\">\n\t\t\t\t\t<div class=\"elementor-column elementor-col-20 elementor-inner-column elementor-element elementor-element-245d15f elementor-invisible\" data-id=\"245d15f\" data-element_type=\"column\" data-e-type=\"column\" data-settings=\"{&quot;background_background&quot;:&quot;classic&quot;,&quot;animation&quot;:&quot;bounceInRight&quot;,&quot;animation_delay&quot;:0}\">\n\t\t\t<div class=\"elementor-widget-wrap elementor-element-populated\">\n\t\t\t\t\t\t\t<\/div>\n\t\t<\/div>\n\t\t\t\t<div class=\"elementor-column elementor-col-20 elementor-inner-column elementor-element elementor-element-667c08a elementor-invisible\" data-id=\"667c08a\" data-element_type=\"column\" data-e-type=\"column\" data-settings=\"{&quot;background_background&quot;:&quot;classic&quot;,&quot;animation&quot;:&quot;bounceInRight&quot;,&quot;animation_delay&quot;:100}\">\n\t\t\t<div class=\"elementor-widget-wrap elementor-element-populated\">\n\t\t\t\t\t\t\t<\/div>\n\t\t<\/div>\n\t\t\t\t<div class=\"elementor-column elementor-col-20 elementor-inner-column elementor-element elementor-element-de0955c elementor-invisible\" data-id=\"de0955c\" data-element_type=\"column\" data-e-type=\"column\" data-settings=\"{&quot;background_background&quot;:&quot;classic&quot;,&quot;animation&quot;:&quot;bounceInRight&quot;,&quot;animation_delay&quot;:200}\">\n\t\t\t<div class=\"elementor-widget-wrap elementor-element-populated\">\n\t\t\t\t\t\t\t<\/div>\n\t\t<\/div>\n\t\t\t\t<div class=\"elementor-column elementor-col-20 elementor-inner-column elementor-element elementor-element-1e5c00b elementor-invisible\" data-id=\"1e5c00b\" data-element_type=\"column\" data-e-type=\"column\" data-settings=\"{&quot;background_background&quot;:&quot;classic&quot;,&quot;animation&quot;:&quot;bounceInRight&quot;,&quot;animation_delay&quot;:300}\">\n\t\t\t<div class=\"elementor-widget-wrap elementor-element-populated\">\n\t\t\t\t\t\t\t<\/div>\n\t\t<\/div>\n\t\t\t\t<div class=\"elementor-column elementor-col-20 elementor-inner-column elementor-element elementor-element-24603ed elementor-invisible\" data-id=\"24603ed\" data-element_type=\"column\" data-e-type=\"column\" data-settings=\"{&quot;background_background&quot;:&quot;classic&quot;,&quot;animation&quot;:&quot;bounceInRight&quot;,&quot;animation_delay&quot;:400}\">\n\t\t\t<div class=\"elementor-widget-wrap elementor-element-populated\">\n\t\t\t\t\t\t\t<\/div>\n\t\t<\/div>\n\t\t\t\t\t<\/div>\n\t\t<\/section>\n\t\t\t\t<div class=\"elementor-element elementor-element-907ea06 elementor-invisible elementor-widget elementor-widget-text-editor\" data-id=\"907ea06\" data-element_type=\"widget\" data-e-type=\"widget\" data-settings=\"{&quot;_animation&quot;:&quot;fadeIn&quot;,&quot;_animation_delay&quot;:100}\" data-widget_type=\"text-editor.default\">\n\t\t\t\t<div class=\"elementor-widget-container\">\n\t\t\t\t\t\t\t\t\t<h2><span style=\"color: #ffffff;\">Wirkgemeinschaft \u00d6KONOMIE<\/span><\/h2>\n<p><strong>Ver\u00e4nderungskultur:&nbsp;<\/strong>Wir stellen die g\u00e4ngigen Vorstellungen von Arbeit, Wohlstand und Besitz infrage, um ein tieferes Verst\u00e4ndnis und eine neue Perspektive zu entwickeln. Unser Ziel ist es, eine Ver\u00e4nderung herbeizuf\u00fchren, die das Gemeinwohl in den Mittelpunkt stellt. Durch innovative Ans\u00e4tze und gemeinschaftliches Engagement streben wir danach, bestehende Strukturen zu transformieren und eine nachhaltigere und gerechtere Zukunft zu gestalten.<\/p>\n<p><b>Regionales und \u00fcberregionales Wertsch\u00f6pfungsprogramm:&nbsp;<\/b>Wir setzen uns aktiv daf\u00fcr ein, ein \u00fcberregionales Wertsch\u00f6pfungsprogramm zu entwickeln und umzusetzen. Ziel dieses Programms ist es, wirtschaftliche Aktivit\u00e4ten und Wertsch\u00f6pfungsketten zu schaffen, die die Bed\u00fcrfnisse und das Wohl aller Beteiligten in den Mittelpunkt stellen. Dabei f\u00f6rdern wir die Zusammenarbeit und den Austausch zwischen verschiedenen Regionen, um gemeinsam nachhaltige und gerechte wirtschaftliche Strukturen aufzubauen.<\/p>\n<p><b>Autarkes holistisches Unternehmertum:<\/b>&nbsp;Wir setzen auf ein autarkes holistisches Unternehmertum, das ein nachhaltiges und integratives Gesch\u00e4ftsmodell verfolgt. Dabei streben wir nach Unabh\u00e4ngigkeit und einer ganzheitlichen Betrachtung aller Prozesse. Unser Ziel ist es, wirtschaftlichen Erfolg mit \u00f6kologischen und sozialen Aspekten zu verbinden. So arbeiten wir im Einklang mit nat\u00fcrlichen Ressourcen und den Bed\u00fcrfnissen der Gesellschaft und schaffen so eine verantwortungsbewusste Wirtschaft.<\/p>\n<p><span style=\"letter-spacing: 0px;\"><b>Wertsch\u00f6pfungsprozesse:<\/b><\/span><span style=\"letter-spacing: 0px;\">&nbsp;<\/span>Indem wir auf wertsch\u00e4tzende Wertsch\u00f6pfungsprozesse setzen, schaffen wir eine Grundlage f\u00fcr langfristige Beziehungen und Vertrauen innerhalb unserer Gemeinschaft und dar\u00fcber hinaus. Unser Ziel ist es, durch respektvollen und verantwortungsvollen Umgang miteinander sowohl wirtschaftliche als auch soziale Werte zu schaffen.<\/p>\n<p><b>Recht &amp; Sitte:&nbsp;<\/b><span style=\"letter-spacing: 0px;\">Wir sind bestrebt, unser Miteinander in eine neue Richtung im Sinne von Recht und Sitte zu lenken. Dabei m\u00f6chten wir sicherstellen, dass unsere Handlungen Mensch und Natur in h\u00f6chster Achtsamkeit f\u00f6rdern und gleichzeitig die gesellschaftlichen Normen und Werte widerspiegeln. Durch diesen Ansatz f\u00f6rdern wir ein harmonisches und respektvolles Zusammenleben, das auf gegenseitigem Vertrauen, Verst\u00e4ndnis und Anerkennung basiert. Wir glauben daran, dass eine Kombination aus einem Menschenw\u00fcrdigen Regelwerk und sozialer Verantwortung die Grundlage f\u00fcr eine gerechte und ausgewogene Gemeinschaft bildet, in der sich jeder Einzelne wohlf\u00fchlen und entfalten kann.<\/span><\/p>\t\t\t\t\t\t\t\t<\/div>\n\t\t\t\t<\/div>\n\t\t\t\t<div class=\"elementor-element elementor-element-e93854e elementor-widget elementor-widget-spacer\" data-id=\"e93854e\" data-element_type=\"widget\" data-e-type=\"widget\" data-widget_type=\"spacer.default\">\n\t\t\t\t<div class=\"elementor-widget-container\">\n\t\t\t\t\t\t\t<div class=\"elementor-spacer\">\n\t\t\t<div class=\"elementor-spacer-inner\"><\/div>\n\t\t<\/div>\n\t\t\t\t\t\t<\/div>\n\t\t\t\t<\/div>\n\t\t\t\t<div class=\"elementor-element elementor-element-31aa0b9 elementor-invisible elementor-widget elementor-widget-text-editor\" data-id=\"31aa0b9\" data-element_type=\"widget\" data-e-type=\"widget\" data-settings=\"{&quot;_animation&quot;:&quot;fadeIn&quot;,&quot;_animation_delay&quot;:100}\" data-widget_type=\"text-editor.default\">\n\t\t\t\t<div class=\"elementor-widget-container\">\n\t\t\t\t\t\t\t\t\t<h2 style=\"letter-spacing: normal; text-align: left;\"><span style=\"color: #ffffff;\">Wirkgemeinschaft \u00d6KOLOGIE<\/span><\/h2>\n<p><b>Ganzheitliche Landwirtschaft:<\/b>&nbsp;Unsere Vision f\u00fcr eine nachhaltige Zukunft beginnt mit fruchtbaren B\u00f6den und einer ganzheitlichen Landwirtschaft. Gesunde und n\u00e4hrstoffreiche B\u00f6den sind die Grundlage f\u00fcr eine produktive und widerstandsf\u00e4hige Landwirtschaft.&nbsp;Wir setzen auf eine ganzheitliche Landwirtschaft, die \u00f6kologische, \u00f6konomische und soziale Aspekte miteinander verbindet.<\/p>\n<p><b>Wasser:<\/b>&nbsp;Unsere Mission umfasst die sorgf\u00e4ltige Reinigung, Erhaltung und nachhaltige Nutzung von nat\u00fcrlichen Quellen und Wasserkreisl\u00e4ufen. Sauberes und energetisch hochwertiges Wasser ist essenziell f\u00fcr das Leben und die Landwirtschaft.<\/p>\n<p><b>Baustoffe und Bauweisen:<\/b>&nbsp;Wir setzen uns f\u00fcr die Anwendung und Weiterentwicklung \u00f6kologischer Baustoffe und Bauweisen ein, um nachhaltiges Bauen zu f\u00f6rdern und die Umwelt zu sch\u00fctzen. Ein besonderer Schwerpunkt liegt dabei auf der Verwendung von mondgeschlagenem Holz.&nbsp;Wir f\u00f6rdern auch die Weiterentwicklung dieser traditionellen Techniken durch innovative Forschungsprojekte und Kooperationen mit Spezialisten.<\/p>\n<p><b>Wohnen:<\/b>&nbsp;Unsere Initiative konzentriert sich auf die Entwicklung von Wohn- und Gemeinschaftsprojekten sowie die nachhaltige Dorfentwicklung. Ziel ist es, lebenswerte und zukunftsf\u00e4hige Gemeinschaften zu schaffen, die den Bed\u00fcrfnissen aller Bewohner gerecht werden<\/p>\n<p><b>Energie:<\/b>&nbsp;Unsere Vision ist es, eine Welt zu schaffen, die vollst\u00e4ndig auf nachhaltige Energiequellen und umweltfreundliche Mobilit\u00e4tsl\u00f6sungen setzt. Wir engagieren uns daf\u00fcr, den \u00dcbergang zu 100 % erneuerbarer Energie zu f\u00f6rdern und gleichzeitig nachhaltige Mobilit\u00e4tskonzepte zu entwickeln und umzusetzen.<br><\/p>\t\t\t\t\t\t\t\t<\/div>\n\t\t\t\t<\/div>\n\t\t\t\t<div class=\"elementor-element elementor-element-e4a2ae0 elementor-widget elementor-widget-spacer\" data-id=\"e4a2ae0\" data-element_type=\"widget\" data-e-type=\"widget\" data-widget_type=\"spacer.default\">\n\t\t\t\t<div class=\"elementor-widget-container\">\n\t\t\t\t\t\t\t<div class=\"elementor-spacer\">\n\t\t\t<div class=\"elementor-spacer-inner\"><\/div>\n\t\t<\/div>\n\t\t\t\t\t\t<\/div>\n\t\t\t\t<\/div>\n\t\t\t\t<div class=\"elementor-element elementor-element-963d663 elementor-invisible elementor-widget elementor-widget-text-editor\" data-id=\"963d663\" data-element_type=\"widget\" data-e-type=\"widget\" data-settings=\"{&quot;_animation&quot;:&quot;fadeIn&quot;,&quot;_animation_delay&quot;:100}\" data-widget_type=\"text-editor.default\">\n\t\t\t\t<div class=\"elementor-widget-container\">\n\t\t\t\t\t\t\t\t\t<h2 style=\"letter-spacing: normal; text-align: left;\"><span style=\"color: #ffffff;\">Wirkgemeinschaft SOZIALES &amp; BILDUNG<\/span><\/h2>\n<p><b>Dorfentwicklung:<\/b> Unsere Initiative zur Gesellschaftsgestaltung und Dorfentwicklung zielt darauf ab, die Dorfgemeinschaft zu st\u00e4rken und die Vielfalt an Ideen und F\u00e4higkeiten zu entwickeln.&nbsp;Um die Dorfgemeinschaft zu f\u00f6rdern, setzen wir auf die Schaffung von Begegnungsst\u00e4tten, Gemeinschaftsprojekten und Veranstaltungen, die den Zusammenhalt und das Miteinander unterst\u00fctzen.<\/p>\n<p><b>Gesundheit:<\/b>&nbsp;Unsere Mission ist es, Gesundheit, Heilung und Wohlbefinden f\u00fcr alle Menschen zu f\u00f6rdern. Wir setzen uns daf\u00fcr ein, dass jeder Zugang zu den notwendigen Ressourcen sowie Unterst\u00fctzung durch alternative Heilmethoden erh\u00e4lt.<\/p>\n<p><strong>Elternschaft:<\/strong> Eine bewusste und sorgf\u00e4ltige Planung der Elternschaft, bevor der junge Mensch entsteht, ist essenziell, um optimale Voraussetzungen f\u00fcr die Gesundheit und das Wohlbefinden sowohl f\u00fcr den jungen Menschen als auch der Eltern zu schaffen. Dieser Prozess umfasst verschiedene Dimensionen, darunter physische, emotionale und finanzielle Vorbereitungen. Eine umfassende Strategie kann dabei bis hin zur Wahl der Bildungsmethoden reichen.<\/p>\t\t\t\t\t\t\t\t<\/div>\n\t\t\t\t<\/div>\n\t\t\t\t<div class=\"elementor-element elementor-element-b5da62d elementor-widget elementor-widget-spacer\" data-id=\"b5da62d\" data-element_type=\"widget\" data-e-type=\"widget\" data-widget_type=\"spacer.default\">\n\t\t\t\t<div class=\"elementor-widget-container\">\n\t\t\t\t\t\t\t<div class=\"elementor-spacer\">\n\t\t\t<div class=\"elementor-spacer-inner\"><\/div>\n\t\t<\/div>\n\t\t\t\t\t\t<\/div>\n\t\t\t\t<\/div>\n\t\t\t\t<div class=\"elementor-element elementor-element-013df23 elementor-invisible elementor-widget elementor-widget-text-editor\" data-id=\"013df23\" data-element_type=\"widget\" data-e-type=\"widget\" data-settings=\"{&quot;_animation&quot;:&quot;fadeIn&quot;,&quot;_animation_delay&quot;:100}\" data-widget_type=\"text-editor.default\">\n\t\t\t\t<div class=\"elementor-widget-container\">\n\t\t\t\t\t\t\t\t\t<h2 style=\"letter-spacing: normal; text-align: left;\"><span style=\"color: #ffffff;\">Einladung<\/span><\/h2><p>Wir laden alle interessierten Menschen ein, sich aktiv an diesem Prozess zu beteiligen und ihre Ideen und F\u00e4higkeiten einzubringen, um gemeinsam positive Ver\u00e4nderungen zu bewirken. Ihre Kreativit\u00e4t und Ihr Engagement sind der Schl\u00fcssel, um eine lebendige und dynamische Gemeinschaft zu schaffen. Gemeinsam k\u00f6nnen wir innovative Projekte realisieren.<\/p><p><a href=\"\/?page_id=19\"><button style=\"background-color: #1db5ff; color: white;\" type=\"button\">Kontakt<\/button><\/a><\/p>\t\t\t\t\t\t\t\t<\/div>\n\t\t\t\t<\/div>\n\t\t\t\t<div class=\"elementor-element elementor-element-1383467 elementor-widget elementor-widget-spacer\" data-id=\"1383467\" data-element_type=\"widget\" data-e-type=\"widget\" data-widget_type=\"spacer.default\">\n\t\t\t\t<div class=\"elementor-widget-container\">\n\t\t\t\t\t\t\t<div class=\"elementor-spacer\">\n\t\t\t<div class=\"elementor-spacer-inner\"><\/div>\n\t\t<\/div>\n\t\t\t\t\t\t<\/div>\n\t\t\t\t<\/div>\n\t\t\t\t\t<\/div>\n\t\t<\/div>\n\t\t\t\t\t<\/div>\n\t\t<\/section>\n\t\t\t\t<\/div>\n\t\t","protected":false},"excerpt":{"rendered":"<p>Home Wirkgemeinschaft Wir verstehen eine Wirkgemeinschaft als eine Form der Zusammenarbeit von Menschen oder Organisationen, die darauf abzielt, gemeinsame Ziele zu erreichen und Ressourcen effizient zu nutzen. Diese Gemeinschaft basiert auf unseren gemeinsamen Interessen und Zielen. Durch unsere Zusammenarbeit f\u00f6rdern wir Wissen, F\u00e4higkeiten und Innovationen und tragen so zum gemeinsamen Erfolg bei. Im Vordergrund steht [&hellip;]<\/p>\n","protected":false},"author":1,"featured_media":0,"parent":2260,"menu_order":0,"comment_status":"closed","ping_status":"closed","template":"elementor_header_footer","meta":{"footnotes":""},"class_list":["post-2417","page","type-page","status-publish","hentry"],"_links":{"self":[{"href":"https:\/\/tapoja.at\/index.php?rest_route=\/wp\/v2\/pages\/2417","targetHints":{"allow":["GET"]}}],"collection":[{"href":"https:\/\/tapoja.at\/index.php?rest_route=\/wp\/v2\/pages"}],"about":[{"href":"https:\/\/tapoja.at\/index.php?rest_route=\/wp\/v2\/types\/page"}],"author":[{"embeddable":true,"href":"https:\/\/tapoja.at\/index.php?rest_route=\/wp\/v2\/users\/1"}],"replies":[{"embeddable":true,"href":"https:\/\/tapoja.at\/index.php?rest_route=%2Fwp%2Fv2%2Fcomments&post=2417"}],"version-history":[{"count":115,"href":"https:\/\/tapoja.at\/index.php?rest_route=\/wp\/v2\/pages\/2417\/revisions"}],"predecessor-version":[{"id":5845,"href":"https:\/\/tapoja.at\/index.php?rest_route=\/wp\/v2\/pages\/2417\/revisions\/5845"}],"up":[{"embeddable":true,"href":"https:\/\/tapoja.at\/index.php?rest_route=\/wp\/v2\/pages\/2260"}],"wp:attachment":[{"href":"https:\/\/tapoja.at\/index.php?rest_route=%2Fwp%2Fv2%2Fmedia&parent=2417"}],"curies":[{"name":"wp","href":"https:\/\/api.w.org\/{rel}","templated":true}]}}