{"id":2019,"date":"2025-01-08T19:36:15","date_gmt":"2025-01-08T18:36:15","guid":{"rendered":"https:\/\/minervasys.at\/tapoja03\/?page_id=2019"},"modified":"2025-04-03T06:50:21","modified_gmt":"2025-04-03T05:50:21","slug":"dorfjugend_angebot","status":"publish","type":"page","link":"https:\/\/tapoja.at\/?page_id=2019","title":{"rendered":"Dorfjugend"},"content":{"rendered":"\t\t<div data-elementor-type=\"wp-page\" data-elementor-id=\"2019\" class=\"elementor elementor-2019\">\n\t\t\t\t\t\t<section class=\"elementor-section elementor-top-section elementor-element elementor-element-058e7e8 elementor-section-boxed elementor-section-height-default elementor-section-height-default\" data-id=\"058e7e8\" data-element_type=\"section\" data-e-type=\"section\" data-settings=\"{&quot;jet_parallax_layout_list&quot;:[{&quot;jet_parallax_layout_image&quot;:{&quot;url&quot;:&quot;&quot;,&quot;id&quot;:&quot;&quot;,&quot;size&quot;:&quot;&quot;},&quot;_id&quot;:&quot;34e8390&quot;,&quot;jet_parallax_layout_image_tablet&quot;:{&quot;url&quot;:&quot;&quot;,&quot;id&quot;:&quot;&quot;,&quot;size&quot;:&quot;&quot;},&quot;jet_parallax_layout_image_mobile&quot;:{&quot;url&quot;:&quot;&quot;,&quot;id&quot;:&quot;&quot;,&quot;size&quot;:&quot;&quot;},&quot;jet_parallax_layout_speed&quot;:{&quot;unit&quot;:&quot;%&quot;,&quot;size&quot;:50,&quot;sizes&quot;:[]},&quot;jet_parallax_layout_type&quot;:&quot;scroll&quot;,&quot;jet_parallax_layout_direction&quot;:null,&quot;jet_parallax_layout_fx_direction&quot;:null,&quot;jet_parallax_layout_z_index&quot;:&quot;&quot;,&quot;jet_parallax_layout_bg_x&quot;:50,&quot;jet_parallax_layout_bg_x_tablet&quot;:&quot;&quot;,&quot;jet_parallax_layout_bg_x_mobile&quot;:&quot;&quot;,&quot;jet_parallax_layout_bg_y&quot;:50,&quot;jet_parallax_layout_bg_y_tablet&quot;:&quot;&quot;,&quot;jet_parallax_layout_bg_y_mobile&quot;:&quot;&quot;,&quot;jet_parallax_layout_bg_size&quot;:&quot;auto&quot;,&quot;jet_parallax_layout_bg_size_tablet&quot;:&quot;&quot;,&quot;jet_parallax_layout_bg_size_mobile&quot;:&quot;&quot;,&quot;jet_parallax_layout_animation_prop&quot;:&quot;transform&quot;,&quot;jet_parallax_layout_on&quot;:[&quot;desktop&quot;,&quot;tablet&quot;]}]}\">\n\t\t\t\t\t\t<div class=\"elementor-container elementor-column-gap-default\">\n\t\t\t\t\t<div class=\"elementor-column elementor-col-100 elementor-top-column elementor-element elementor-element-927b26d\" data-id=\"927b26d\" data-element_type=\"column\" data-e-type=\"column\">\n\t\t\t<div class=\"elementor-widget-wrap elementor-element-populated\">\n\t\t\t\t\t\t<div class=\"elementor-element elementor-element-59ecf19 jet-breadcrumbs-align-left elementor-widget elementor-widget-jet-breadcrumbs\" data-id=\"59ecf19\" data-element_type=\"widget\" data-e-type=\"widget\" data-widget_type=\"jet-breadcrumbs.default\">\n\t\t\t\t<div class=\"elementor-widget-container\">\n\t\t\t\t\t<div class=\"elementor-jet-breadcrumbs jet-blocks\">\n\t\t<div class=\"jet-breadcrumbs\">\n\t\t<div class=\"jet-breadcrumbs__content\">\n\t\t<div class=\"jet-breadcrumbs__wrap\"><div class=\"jet-breadcrumbs__item\"><a href=\"https:\/\/tapoja.at\/\" class=\"jet-breadcrumbs__item-link is-home\" rel=\"home\" title=\"Home2\">Home2<\/a><\/div>\n\t\t<\/div>\n\t\t<\/div>\n\t\t<\/div><\/div>\t\t\t\t<\/div>\n\t\t\t\t<\/div>\n\t\t\t\t<div class=\"elementor-element elementor-element-1237ddb elementor-widget elementor-widget-spacer\" data-id=\"1237ddb\" data-element_type=\"widget\" data-e-type=\"widget\" data-widget_type=\"spacer.default\">\n\t\t\t\t<div class=\"elementor-widget-container\">\n\t\t\t\t\t\t\t<div class=\"elementor-spacer\">\n\t\t\t<div class=\"elementor-spacer-inner\"><\/div>\n\t\t<\/div>\n\t\t\t\t\t\t<\/div>\n\t\t\t\t<\/div>\n\t\t\t\t\t<\/div>\n\t\t<\/div>\n\t\t\t\t\t<\/div>\n\t\t<\/section>\n\t\t\t\t<section class=\"elementor-section elementor-top-section elementor-element elementor-element-8b80b37 elementor-section-boxed elementor-section-height-default elementor-section-height-default\" data-id=\"8b80b37\" data-element_type=\"section\" data-e-type=\"section\" data-settings=\"{&quot;jet_parallax_layout_list&quot;:[{&quot;jet_parallax_layout_image&quot;:{&quot;url&quot;:&quot;&quot;,&quot;id&quot;:&quot;&quot;,&quot;size&quot;:&quot;&quot;},&quot;_id&quot;:&quot;d955466&quot;,&quot;jet_parallax_layout_image_tablet&quot;:{&quot;url&quot;:&quot;&quot;,&quot;id&quot;:&quot;&quot;,&quot;size&quot;:&quot;&quot;},&quot;jet_parallax_layout_image_mobile&quot;:{&quot;url&quot;:&quot;&quot;,&quot;id&quot;:&quot;&quot;,&quot;size&quot;:&quot;&quot;},&quot;jet_parallax_layout_speed&quot;:{&quot;unit&quot;:&quot;%&quot;,&quot;size&quot;:50,&quot;sizes&quot;:[]},&quot;jet_parallax_layout_type&quot;:&quot;scroll&quot;,&quot;jet_parallax_layout_direction&quot;:null,&quot;jet_parallax_layout_fx_direction&quot;:null,&quot;jet_parallax_layout_z_index&quot;:&quot;&quot;,&quot;jet_parallax_layout_bg_x&quot;:50,&quot;jet_parallax_layout_bg_x_tablet&quot;:&quot;&quot;,&quot;jet_parallax_layout_bg_x_mobile&quot;:&quot;&quot;,&quot;jet_parallax_layout_bg_y&quot;:50,&quot;jet_parallax_layout_bg_y_tablet&quot;:&quot;&quot;,&quot;jet_parallax_layout_bg_y_mobile&quot;:&quot;&quot;,&quot;jet_parallax_layout_bg_size&quot;:&quot;auto&quot;,&quot;jet_parallax_layout_bg_size_tablet&quot;:&quot;&quot;,&quot;jet_parallax_layout_bg_size_mobile&quot;:&quot;&quot;,&quot;jet_parallax_layout_animation_prop&quot;:&quot;transform&quot;,&quot;jet_parallax_layout_on&quot;:[&quot;desktop&quot;,&quot;tablet&quot;]}],&quot;background_background&quot;:&quot;classic&quot;}\">\n\t\t\t\t\t\t<div class=\"elementor-container elementor-column-gap-no\">\n\t\t\t\t\t<div class=\"elementor-column elementor-col-100 elementor-top-column elementor-element elementor-element-fcc59ca\" data-id=\"fcc59ca\" data-element_type=\"column\" data-e-type=\"column\">\n\t\t\t<div class=\"elementor-widget-wrap elementor-element-populated\">\n\t\t\t\t\t\t<div class=\"elementor-element elementor-element-625c3a2 elementor-widget elementor-widget-spacer\" data-id=\"625c3a2\" data-element_type=\"widget\" data-e-type=\"widget\" data-widget_type=\"spacer.default\">\n\t\t\t\t<div class=\"elementor-widget-container\">\n\t\t\t\t\t\t\t<div class=\"elementor-spacer\">\n\t\t\t<div class=\"elementor-spacer-inner\"><\/div>\n\t\t<\/div>\n\t\t\t\t\t\t<\/div>\n\t\t\t\t<\/div>\n\t\t\t\t<div class=\"elementor-element elementor-element-8e68c02 elementor-invisible elementor-widget elementor-widget-text-editor\" data-id=\"8e68c02\" data-element_type=\"widget\" data-e-type=\"widget\" data-settings=\"{&quot;_animation&quot;:&quot;fadeIn&quot;,&quot;_animation_delay&quot;:500}\" data-widget_type=\"text-editor.default\">\n\t\t\t\t<div class=\"elementor-widget-container\">\n\t\t\t\t\t\t\t\t\t<h2><span style=\"color: #ffffff;\">Jugendtage<\/span><\/h2><p>Die Jugendtage und Jugendwochen sind besondere Veranstaltungen, die jungen Menschen die M\u00f6glichkeit bieten, sich auszutauschen, die Natur intensiv zu erleben, sich weiterzubilden und neue Freundschaften zu schlie\u00dfen. Diese Events schaffen einen inspirierenden Rahmen f\u00fcr gemeinschaftliche Aktivit\u00e4ten und Bildung.<br \/>Die Hauptziele der Jugendtage sind vielf\u00e4ltig. Sie zielen darauf ab, die Verbundenheit zur Natur und allem Leben zu f\u00f6rdern und weiterzuentwickeln. Durch eine intensive Auseinandersetzung mit der Natur sollen die Jugendlichen ein tieferes Verst\u00e4ndnis und eine gr\u00f6\u00dfere Wertsch\u00e4tzung f\u00fcr die Umwelt und die Vielfalt des Lebens gewinnen.<\/p><p>Dar\u00fcber hinaus wird das Bewusstsein f\u00fcr \u00f6kologische Zusammenh\u00e4nge und nachhaltiges Handeln gest\u00e4rkt. Die Teilnehmer lernen, wie sie aktiv zum Schutz und zur Pflege der Natur beitragen k\u00f6nnen und welche wichtige Rolle sie bei der Bewahrung von Mutter Natur spielen.<\/p><p>Ein weiterer bedeutender Aspekt der Jugendtage ist die F\u00f6rderung von Gemeinschaft und sozialen Bindungen. Die Jugendlichen erfahren, wie wichtig Zusammenarbeit und gegenseitige Unterst\u00fctzung sind und wie sie diese Werte in ihrem Alltag umsetzen k\u00f6nnen.<\/p><p>Die pers\u00f6nliche Weiterentwicklung steht ebenfalls im Mittelpunkt der Jugendtage. Erfahrene Begleiter vermitteln Bildungsinhalte, die den Horizont der Jugendlichen erweitern und ihnen neue Perspektiven er\u00f6ffnen. Durch Workshops, Aktivit\u00e4ten und Diskussionsrunden werden sie dazu angeregt, kritisch zu denken, ihre eigenen Meinungen zu hinterfragen und sich kontinuierlich weiterzubilden.<\/p><p>Dar\u00fcber hinaus bieten die Jugendtage auch Raum f\u00fcr Reflexion und Entspannung. Die Teilnehmer haben die M\u00f6glichkeit, zu sich selbst zu finden, die Erlebnisse zu verarbeiten und neue Energie zu tanken. In einer entspannten und inspirierenden Umgebung k\u00f6nnen sie ihre Gedanken ordnen und sich auf ihre pers\u00f6nlichen Ziele und W\u00fcnsche konzentrieren.<\/p>\t\t\t\t\t\t\t\t<\/div>\n\t\t\t\t<\/div>\n\t\t\t\t<section class=\"elementor-section elementor-inner-section elementor-element elementor-element-796a5f2 elementor-section-boxed elementor-section-height-default elementor-section-height-default\" data-id=\"796a5f2\" data-element_type=\"section\" data-e-type=\"section\" data-settings=\"{&quot;jet_parallax_layout_list&quot;:[]}\">\n\t\t\t\t\t\t<div class=\"elementor-container elementor-column-gap-default\">\n\t\t\t\t\t<div class=\"elementor-column elementor-col-20 elementor-inner-column elementor-element elementor-element-b7dbf08 elementor-invisible\" data-id=\"b7dbf08\" data-element_type=\"column\" data-e-type=\"column\" data-settings=\"{&quot;background_background&quot;:&quot;classic&quot;,&quot;animation&quot;:&quot;bounceInRight&quot;,&quot;animation_delay&quot;:0}\">\n\t\t\t<div class=\"elementor-widget-wrap elementor-element-populated\">\n\t\t\t\t\t\t<div class=\"elementor-element elementor-element-ecbd864 elementor-widget elementor-widget-image\" data-id=\"ecbd864\" data-element_type=\"widget\" data-e-type=\"widget\" data-widget_type=\"image.default\">\n\t\t\t\t<div class=\"elementor-widget-container\">\n\t\t\t\t\t\t\t\t\t\t\t\t\t\t\t<img fetchpriority=\"high\" decoding=\"async\" width=\"400\" height=\"400\" src=\"https:\/\/tapoja.at\/wp-content\/uploads\/2025\/01\/dorfjugend6-1-400x400.png\" class=\"attachment-kava-thumb-m size-kava-thumb-m wp-image-2275\" alt=\"\" srcset=\"https:\/\/tapoja.at\/wp-content\/uploads\/2025\/01\/dorfjugend6-1-400x400.png 400w, https:\/\/tapoja.at\/wp-content\/uploads\/2025\/01\/dorfjugend6-1-150x150.png 150w, https:\/\/tapoja.at\/wp-content\/uploads\/2025\/01\/dorfjugend6-1-230x230.png 230w\" sizes=\"(max-width: 400px) 100vw, 400px\" \/>\t\t\t\t\t\t\t\t\t\t\t\t\t\t\t<\/div>\n\t\t\t\t<\/div>\n\t\t\t\t\t<\/div>\n\t\t<\/div>\n\t\t\t\t<div class=\"elementor-column elementor-col-20 elementor-inner-column elementor-element elementor-element-6b1de26 elementor-invisible\" data-id=\"6b1de26\" data-element_type=\"column\" data-e-type=\"column\" data-settings=\"{&quot;background_background&quot;:&quot;classic&quot;,&quot;animation&quot;:&quot;bounceInRight&quot;,&quot;animation_delay&quot;:100}\">\n\t\t\t<div class=\"elementor-widget-wrap elementor-element-populated\">\n\t\t\t\t\t\t<div class=\"elementor-element elementor-element-4a73979 elementor-widget elementor-widget-image\" data-id=\"4a73979\" data-element_type=\"widget\" data-e-type=\"widget\" data-widget_type=\"image.default\">\n\t\t\t\t<div class=\"elementor-widget-container\">\n\t\t\t\t\t\t\t\t\t\t\t\t\t\t\t<img decoding=\"async\" width=\"400\" height=\"400\" src=\"https:\/\/tapoja.at\/wp-content\/uploads\/2025\/01\/dorfjugend2-2-400x400.png\" class=\"attachment-kava-thumb-m size-kava-thumb-m wp-image-2271\" alt=\"\" srcset=\"https:\/\/tapoja.at\/wp-content\/uploads\/2025\/01\/dorfjugend2-2-400x400.png 400w, https:\/\/tapoja.at\/wp-content\/uploads\/2025\/01\/dorfjugend2-2-150x150.png 150w, https:\/\/tapoja.at\/wp-content\/uploads\/2025\/01\/dorfjugend2-2-230x230.png 230w\" sizes=\"(max-width: 400px) 100vw, 400px\" \/>\t\t\t\t\t\t\t\t\t\t\t\t\t\t\t<\/div>\n\t\t\t\t<\/div>\n\t\t\t\t\t<\/div>\n\t\t<\/div>\n\t\t\t\t<div class=\"elementor-column elementor-col-20 elementor-inner-column elementor-element elementor-element-8401894 elementor-invisible\" data-id=\"8401894\" data-element_type=\"column\" data-e-type=\"column\" data-settings=\"{&quot;background_background&quot;:&quot;classic&quot;,&quot;animation&quot;:&quot;bounceInRight&quot;,&quot;animation_delay&quot;:200}\">\n\t\t\t<div class=\"elementor-widget-wrap elementor-element-populated\">\n\t\t\t\t\t\t<div class=\"elementor-element elementor-element-a624a6d elementor-widget elementor-widget-image\" data-id=\"a624a6d\" data-element_type=\"widget\" data-e-type=\"widget\" data-widget_type=\"image.default\">\n\t\t\t\t<div class=\"elementor-widget-container\">\n\t\t\t\t\t\t\t\t\t\t\t\t\t\t\t<img decoding=\"async\" width=\"400\" height=\"400\" src=\"https:\/\/tapoja.at\/wp-content\/uploads\/2025\/01\/dorfjugend4-1-400x400.png\" class=\"attachment-kava-thumb-m size-kava-thumb-m wp-image-2273\" alt=\"\" srcset=\"https:\/\/tapoja.at\/wp-content\/uploads\/2025\/01\/dorfjugend4-1-400x400.png 400w, https:\/\/tapoja.at\/wp-content\/uploads\/2025\/01\/dorfjugend4-1-150x150.png 150w, https:\/\/tapoja.at\/wp-content\/uploads\/2025\/01\/dorfjugend4-1-230x230.png 230w\" sizes=\"(max-width: 400px) 100vw, 400px\" \/>\t\t\t\t\t\t\t\t\t\t\t\t\t\t\t<\/div>\n\t\t\t\t<\/div>\n\t\t\t\t\t<\/div>\n\t\t<\/div>\n\t\t\t\t<div class=\"elementor-column elementor-col-20 elementor-inner-column elementor-element elementor-element-b5fa312 elementor-invisible\" data-id=\"b5fa312\" data-element_type=\"column\" data-e-type=\"column\" data-settings=\"{&quot;background_background&quot;:&quot;classic&quot;,&quot;animation&quot;:&quot;bounceInRight&quot;,&quot;animation_delay&quot;:300}\">\n\t\t\t<div class=\"elementor-widget-wrap elementor-element-populated\">\n\t\t\t\t\t\t<div class=\"elementor-element elementor-element-f06bc7c elementor-widget elementor-widget-image\" data-id=\"f06bc7c\" data-element_type=\"widget\" data-e-type=\"widget\" data-widget_type=\"image.default\">\n\t\t\t\t<div class=\"elementor-widget-container\">\n\t\t\t\t\t\t\t\t\t\t\t\t\t\t\t<img loading=\"lazy\" decoding=\"async\" width=\"400\" height=\"400\" src=\"https:\/\/tapoja.at\/wp-content\/uploads\/2025\/01\/dorfjugend5-1-400x400.png\" class=\"attachment-kava-thumb-m size-kava-thumb-m wp-image-2274\" alt=\"\" srcset=\"https:\/\/tapoja.at\/wp-content\/uploads\/2025\/01\/dorfjugend5-1-400x400.png 400w, https:\/\/tapoja.at\/wp-content\/uploads\/2025\/01\/dorfjugend5-1-150x150.png 150w, https:\/\/tapoja.at\/wp-content\/uploads\/2025\/01\/dorfjugend5-1-230x230.png 230w\" sizes=\"(max-width: 400px) 100vw, 400px\" \/>\t\t\t\t\t\t\t\t\t\t\t\t\t\t\t<\/div>\n\t\t\t\t<\/div>\n\t\t\t\t\t<\/div>\n\t\t<\/div>\n\t\t\t\t<div class=\"elementor-column elementor-col-20 elementor-inner-column elementor-element elementor-element-89367d9 elementor-invisible\" data-id=\"89367d9\" data-element_type=\"column\" data-e-type=\"column\" data-settings=\"{&quot;background_background&quot;:&quot;classic&quot;,&quot;animation&quot;:&quot;bounceInRight&quot;,&quot;animation_delay&quot;:400}\">\n\t\t\t<div class=\"elementor-widget-wrap elementor-element-populated\">\n\t\t\t\t\t\t<div class=\"elementor-element elementor-element-a36fcdb elementor-widget elementor-widget-image\" data-id=\"a36fcdb\" data-element_type=\"widget\" data-e-type=\"widget\" data-widget_type=\"image.default\">\n\t\t\t\t<div class=\"elementor-widget-container\">\n\t\t\t\t\t\t\t\t\t\t\t\t\t\t\t<img loading=\"lazy\" decoding=\"async\" width=\"400\" height=\"400\" src=\"https:\/\/tapoja.at\/wp-content\/uploads\/2025\/01\/dorfjugend3-3-400x400.png\" class=\"attachment-kava-thumb-m size-kava-thumb-m wp-image-2272\" alt=\"\" srcset=\"https:\/\/tapoja.at\/wp-content\/uploads\/2025\/01\/dorfjugend3-3-400x400.png 400w, https:\/\/tapoja.at\/wp-content\/uploads\/2025\/01\/dorfjugend3-3-150x150.png 150w, https:\/\/tapoja.at\/wp-content\/uploads\/2025\/01\/dorfjugend3-3-230x230.png 230w\" sizes=\"(max-width: 400px) 100vw, 400px\" \/>\t\t\t\t\t\t\t\t\t\t\t\t\t\t\t<\/div>\n\t\t\t\t<\/div>\n\t\t\t\t\t<\/div>\n\t\t<\/div>\n\t\t\t\t\t<\/div>\n\t\t<\/section>\n\t\t\t\t<div class=\"elementor-element elementor-element-19b4331 elementor-widget elementor-widget-spacer\" data-id=\"19b4331\" data-element_type=\"widget\" data-e-type=\"widget\" data-widget_type=\"spacer.default\">\n\t\t\t\t<div class=\"elementor-widget-container\">\n\t\t\t\t\t\t\t<div class=\"elementor-spacer\">\n\t\t\t<div class=\"elementor-spacer-inner\"><\/div>\n\t\t<\/div>\n\t\t\t\t\t\t<\/div>\n\t\t\t\t<\/div>\n\t\t\t\t<div class=\"elementor-element elementor-element-dbd139e elementor-invisible elementor-widget elementor-widget-text-editor\" data-id=\"dbd139e\" data-element_type=\"widget\" data-e-type=\"widget\" data-settings=\"{&quot;_animation&quot;:&quot;fadeIn&quot;,&quot;_animation_delay&quot;:100}\" data-widget_type=\"text-editor.default\">\n\t\t\t\t<div class=\"elementor-widget-container\">\n\t\t\t\t\t\t\t\t\t<h2><span style=\"color: #ffffff;\">Inhalt der Jugendtage<\/span><\/h2><p>Bei den Jugendwochen startet ihr direkt mit Action in den Tag. Wir bieten euch eine spannende Auswahl an Workshop-M\u00f6glichkeiten. Ganz nach euren Interessen und St\u00e4rken k\u00f6nnt ihr euch t\u00e4glich zwischen mindestens zwei Workshops entscheiden oder auch gerne neue Themen nach euren Interessen einbringen.<\/p><p>Da brauche ich noch Beispiele was gemacht wird&#8230;\u00a0<\/p><ol><li><strong>Naturwanderungen und Exkursionen<\/strong>: Gemeinsame Wanderungen und Ausfl\u00fcge in die Natur, um die Umgebung zu erkunden und Flora und Fauna kennenzulernen.<\/li><li><strong>Workshops<\/strong>: Lernbegleiter halten Workshops und Vortr\u00e4ge zu verschiedenen Umweltthemen und nachhaltigen Praktiken.<\/li><li><strong>Diskussionen und Gespr\u00e4chsrunden<\/strong>: Teilnehmer haben die M\u00f6glichkeit, in kleinen Gruppen zu diskutieren und ihre Meinungen und Erfahrungen auszutauschen.<\/li><li><strong>Freizeitaktivit\u00e4ten<\/strong>: Sportliche Aktivit\u00e4ten, Spiele und kreative Workshops f\u00f6rdern den Gemeinschaftsgeist und bieten eine willkommene Abwechslung.<\/li><\/ol>\t\t\t\t\t\t\t\t<\/div>\n\t\t\t\t<\/div>\n\t\t\t\t<div class=\"elementor-element elementor-element-9aaad8b elementor-widget elementor-widget-spacer\" data-id=\"9aaad8b\" data-element_type=\"widget\" data-e-type=\"widget\" data-widget_type=\"spacer.default\">\n\t\t\t\t<div class=\"elementor-widget-container\">\n\t\t\t\t\t\t\t<div class=\"elementor-spacer\">\n\t\t\t<div class=\"elementor-spacer-inner\"><\/div>\n\t\t<\/div>\n\t\t\t\t\t\t<\/div>\n\t\t\t\t<\/div>\n\t\t\t\t<div class=\"elementor-element elementor-element-4d77142 elementor-invisible elementor-widget elementor-widget-text-editor\" data-id=\"4d77142\" data-element_type=\"widget\" data-e-type=\"widget\" data-settings=\"{&quot;_animation&quot;:&quot;fadeIn&quot;,&quot;_animation_delay&quot;:100}\" data-widget_type=\"text-editor.default\">\n\t\t\t\t<div class=\"elementor-widget-container\">\n\t\t\t\t\t\t\t\t\t<h2><span style=\"color: #ffffff;\">Termine Lernorte und Preise<\/span><\/h2><p>Verschiedene Rahmenbedingungen erm\u00f6glichen es nicht immer, konkrete Terminzusagen fr\u00fchzeitig festzulegen. H\u00e4ufig h\u00e4ngen verf\u00fcgbare Termine von kurzfristigen Ereignissen wie Wetterbedingungen oder Standortverf\u00fcgbarkeit usw. ab. Aus diesem Grund behalten wir uns vor, die Veranstaltungstermine anzupassen. Du kannst dich jedoch gerne bereits f\u00fcr die Termine anmelden. Sobald alle Details gekl\u00e4rt sind, informieren wir dich gerne \u00fcber den n\u00e4chstm\u00f6glichen Termin. Wir freuen uns auf deine Teilnahme und darauf, gro\u00dfartige Erlebnisse miteinander zu teilen!<\/p><div style=\"display: flex; gap: 20px;\"><a href=\"\/?page_id=1140\"><button style=\"background-color: #1db5ff; color: white;\" type=\"button\">Termine<\/button><br \/><\/a><br \/><a href=\"\/?page_id=2027\"><button style=\"background-color: #1db5ff; color: white;\" type=\"button\">Anmeldung<\/button><br \/><\/a><\/div>\t\t\t\t\t\t\t\t<\/div>\n\t\t\t\t<\/div>\n\t\t\t\t<div class=\"elementor-element elementor-element-caddfde elementor-widget elementor-widget-spacer\" data-id=\"caddfde\" data-element_type=\"widget\" data-e-type=\"widget\" data-widget_type=\"spacer.default\">\n\t\t\t\t<div class=\"elementor-widget-container\">\n\t\t\t\t\t\t\t<div class=\"elementor-spacer\">\n\t\t\t<div class=\"elementor-spacer-inner\"><\/div>\n\t\t<\/div>\n\t\t\t\t\t\t<\/div>\n\t\t\t\t<\/div>\n\t\t\t\t\t<\/div>\n\t\t<\/div>\n\t\t\t\t\t<\/div>\n\t\t<\/section>\n\t\t\t\t<\/div>\n\t\t","protected":false},"excerpt":{"rendered":"<p>Home Jugendtage Die Jugendtage und Jugendwochen sind besondere Veranstaltungen, die jungen Menschen die M\u00f6glichkeit bieten, sich auszutauschen, die Natur intensiv zu erleben, sich weiterzubilden und neue Freundschaften zu schlie\u00dfen. Diese Events schaffen einen inspirierenden Rahmen f\u00fcr gemeinschaftliche Aktivit\u00e4ten und Bildung.Die Hauptziele der Jugendtage sind vielf\u00e4ltig. Sie zielen darauf ab, die Verbundenheit zur Natur und allem [&hellip;]<\/p>\n","protected":false},"author":1,"featured_media":0,"parent":4305,"menu_order":0,"comment_status":"closed","ping_status":"closed","template":"elementor_header_footer","meta":{"footnotes":""},"class_list":["post-2019","page","type-page","status-publish","hentry"],"_links":{"self":[{"href":"https:\/\/tapoja.at\/index.php?rest_route=\/wp\/v2\/pages\/2019","targetHints":{"allow":["GET"]}}],"collection":[{"href":"https:\/\/tapoja.at\/index.php?rest_route=\/wp\/v2\/pages"}],"about":[{"href":"https:\/\/tapoja.at\/index.php?rest_route=\/wp\/v2\/types\/page"}],"author":[{"embeddable":true,"href":"https:\/\/tapoja.at\/index.php?rest_route=\/wp\/v2\/users\/1"}],"replies":[{"embeddable":true,"href":"https:\/\/tapoja.at\/index.php?rest_route=%2Fwp%2Fv2%2Fcomments&post=2019"}],"version-history":[{"count":74,"href":"https:\/\/tapoja.at\/index.php?rest_route=\/wp\/v2\/pages\/2019\/revisions"}],"predecessor-version":[{"id":7582,"href":"https:\/\/tapoja.at\/index.php?rest_route=\/wp\/v2\/pages\/2019\/revisions\/7582"}],"up":[{"embeddable":true,"href":"https:\/\/tapoja.at\/index.php?rest_route=\/wp\/v2\/pages\/4305"}],"wp:attachment":[{"href":"https:\/\/tapoja.at\/index.php?rest_route=%2Fwp%2Fv2%2Fmedia&parent=2019"}],"curies":[{"name":"wp","href":"https:\/\/api.w.org\/{rel}","templated":true}]}}