{"id":1478,"date":"2025-01-05T18:36:16","date_gmt":"2025-01-05T17:36:16","guid":{"rendered":"https:\/\/minervasys.at\/tapoja03\/?page_id=1478"},"modified":"2025-04-03T07:18:56","modified_gmt":"2025-04-03T06:18:56","slug":"vision","status":"publish","type":"page","link":"https:\/\/tapoja.at\/?page_id=1478","title":{"rendered":"Vision"},"content":{"rendered":"\t\t<div data-elementor-type=\"wp-page\" data-elementor-id=\"1478\" class=\"elementor elementor-1478\">\n\t\t\t\t\t\t<section class=\"elementor-section elementor-top-section elementor-element elementor-element-f475cae elementor-section-boxed elementor-section-height-default elementor-section-height-default\" data-id=\"f475cae\" data-element_type=\"section\" data-e-type=\"section\" data-settings=\"{&quot;jet_parallax_layout_list&quot;:[{&quot;jet_parallax_layout_image&quot;:{&quot;url&quot;:&quot;&quot;,&quot;id&quot;:&quot;&quot;,&quot;size&quot;:&quot;&quot;},&quot;_id&quot;:&quot;34e8390&quot;,&quot;jet_parallax_layout_image_tablet&quot;:{&quot;url&quot;:&quot;&quot;,&quot;id&quot;:&quot;&quot;,&quot;size&quot;:&quot;&quot;},&quot;jet_parallax_layout_image_mobile&quot;:{&quot;url&quot;:&quot;&quot;,&quot;id&quot;:&quot;&quot;,&quot;size&quot;:&quot;&quot;},&quot;jet_parallax_layout_speed&quot;:{&quot;unit&quot;:&quot;%&quot;,&quot;size&quot;:50,&quot;sizes&quot;:[]},&quot;jet_parallax_layout_type&quot;:&quot;scroll&quot;,&quot;jet_parallax_layout_direction&quot;:null,&quot;jet_parallax_layout_fx_direction&quot;:null,&quot;jet_parallax_layout_z_index&quot;:&quot;&quot;,&quot;jet_parallax_layout_bg_x&quot;:50,&quot;jet_parallax_layout_bg_x_tablet&quot;:&quot;&quot;,&quot;jet_parallax_layout_bg_x_mobile&quot;:&quot;&quot;,&quot;jet_parallax_layout_bg_y&quot;:50,&quot;jet_parallax_layout_bg_y_tablet&quot;:&quot;&quot;,&quot;jet_parallax_layout_bg_y_mobile&quot;:&quot;&quot;,&quot;jet_parallax_layout_bg_size&quot;:&quot;auto&quot;,&quot;jet_parallax_layout_bg_size_tablet&quot;:&quot;&quot;,&quot;jet_parallax_layout_bg_size_mobile&quot;:&quot;&quot;,&quot;jet_parallax_layout_animation_prop&quot;:&quot;transform&quot;,&quot;jet_parallax_layout_on&quot;:[&quot;desktop&quot;,&quot;tablet&quot;]}]}\">\n\t\t\t\t\t\t<div class=\"elementor-container elementor-column-gap-default\">\n\t\t\t\t\t<div class=\"elementor-column elementor-col-100 elementor-top-column elementor-element elementor-element-fe0a115\" data-id=\"fe0a115\" data-element_type=\"column\" data-e-type=\"column\">\n\t\t\t<div class=\"elementor-widget-wrap elementor-element-populated\">\n\t\t\t\t\t\t<div class=\"elementor-element elementor-element-5e403ca jet-breadcrumbs-align-left elementor-widget elementor-widget-jet-breadcrumbs\" data-id=\"5e403ca\" data-element_type=\"widget\" data-e-type=\"widget\" data-widget_type=\"jet-breadcrumbs.default\">\n\t\t\t\t<div class=\"elementor-widget-container\">\n\t\t\t\t\t<div class=\"elementor-jet-breadcrumbs jet-blocks\">\n\t\t<div class=\"jet-breadcrumbs\">\n\t\t<div class=\"jet-breadcrumbs__content\">\n\t\t<div class=\"jet-breadcrumbs__wrap\"><div class=\"jet-breadcrumbs__item\"><a href=\"https:\/\/tapoja.at\/\" class=\"jet-breadcrumbs__item-link is-home\" rel=\"home\" title=\"Home2\">Home2<\/a><\/div>\n\t\t<\/div>\n\t\t<\/div>\n\t\t<\/div><\/div>\t\t\t\t<\/div>\n\t\t\t\t<\/div>\n\t\t\t\t<div class=\"elementor-element elementor-element-783209b elementor-widget elementor-widget-spacer\" data-id=\"783209b\" data-element_type=\"widget\" data-e-type=\"widget\" data-widget_type=\"spacer.default\">\n\t\t\t\t<div class=\"elementor-widget-container\">\n\t\t\t\t\t\t\t<div class=\"elementor-spacer\">\n\t\t\t<div class=\"elementor-spacer-inner\"><\/div>\n\t\t<\/div>\n\t\t\t\t\t\t<\/div>\n\t\t\t\t<\/div>\n\t\t\t\t\t<\/div>\n\t\t<\/div>\n\t\t\t\t\t<\/div>\n\t\t<\/section>\n\t\t\t\t<section class=\"elementor-section elementor-top-section elementor-element elementor-element-a703073 elementor-section-boxed elementor-section-height-default elementor-section-height-default\" data-id=\"a703073\" data-element_type=\"section\" data-e-type=\"section\" data-settings=\"{&quot;jet_parallax_layout_list&quot;:[{&quot;jet_parallax_layout_image&quot;:{&quot;url&quot;:&quot;&quot;,&quot;id&quot;:&quot;&quot;,&quot;size&quot;:&quot;&quot;},&quot;_id&quot;:&quot;d955466&quot;,&quot;jet_parallax_layout_image_tablet&quot;:{&quot;url&quot;:&quot;&quot;,&quot;id&quot;:&quot;&quot;,&quot;size&quot;:&quot;&quot;},&quot;jet_parallax_layout_image_mobile&quot;:{&quot;url&quot;:&quot;&quot;,&quot;id&quot;:&quot;&quot;,&quot;size&quot;:&quot;&quot;},&quot;jet_parallax_layout_speed&quot;:{&quot;unit&quot;:&quot;%&quot;,&quot;size&quot;:50,&quot;sizes&quot;:[]},&quot;jet_parallax_layout_type&quot;:&quot;scroll&quot;,&quot;jet_parallax_layout_direction&quot;:null,&quot;jet_parallax_layout_fx_direction&quot;:null,&quot;jet_parallax_layout_z_index&quot;:&quot;&quot;,&quot;jet_parallax_layout_bg_x&quot;:50,&quot;jet_parallax_layout_bg_x_tablet&quot;:&quot;&quot;,&quot;jet_parallax_layout_bg_x_mobile&quot;:&quot;&quot;,&quot;jet_parallax_layout_bg_y&quot;:50,&quot;jet_parallax_layout_bg_y_tablet&quot;:&quot;&quot;,&quot;jet_parallax_layout_bg_y_mobile&quot;:&quot;&quot;,&quot;jet_parallax_layout_bg_size&quot;:&quot;auto&quot;,&quot;jet_parallax_layout_bg_size_tablet&quot;:&quot;&quot;,&quot;jet_parallax_layout_bg_size_mobile&quot;:&quot;&quot;,&quot;jet_parallax_layout_animation_prop&quot;:&quot;transform&quot;,&quot;jet_parallax_layout_on&quot;:[&quot;desktop&quot;,&quot;tablet&quot;]}],&quot;background_background&quot;:&quot;video&quot;,&quot;background_video_link&quot;:&quot;\\\/wp-content\\\/uploads\\\/2024\\\/12\\\/Vision1_2.mp4&quot;,&quot;background_video_start&quot;:0,&quot;background_video_end&quot;:21,&quot;background_play_on_mobile&quot;:&quot;yes&quot;,&quot;background_play_once&quot;:&quot;yes&quot;}\">\n\t\t\t\t\t\t\t\t<div class=\"elementor-background-video-container\">\n\t\t\t\t\t\t\t\t\t\t\t\t\t<video class=\"elementor-background-video-hosted\" role=\"presentation\" autoplay muted playsinline><\/video>\n\t\t\t\t\t\t\t\t\t\t\t<\/div>\n\t\t\t\t\t\t\t\t\t<div class=\"elementor-background-overlay\"><\/div>\n\t\t\t\t\t\t\t<div class=\"elementor-container elementor-column-gap-no\">\n\t\t\t\t\t<div class=\"elementor-column elementor-col-100 elementor-top-column elementor-element elementor-element-a332b68\" data-id=\"a332b68\" data-element_type=\"column\" data-e-type=\"column\">\n\t\t\t<div class=\"elementor-widget-wrap elementor-element-populated\">\n\t\t\t\t\t\t<div class=\"elementor-element elementor-element-3fdd587 elementor-widget elementor-widget-spacer\" data-id=\"3fdd587\" data-element_type=\"widget\" data-e-type=\"widget\" data-widget_type=\"spacer.default\">\n\t\t\t\t<div class=\"elementor-widget-container\">\n\t\t\t\t\t\t\t<div class=\"elementor-spacer\">\n\t\t\t<div class=\"elementor-spacer-inner\"><\/div>\n\t\t<\/div>\n\t\t\t\t\t\t<\/div>\n\t\t\t\t<\/div>\n\t\t\t\t<div class=\"elementor-element elementor-element-66fcedf elementor-invisible elementor-widget elementor-widget-text-editor\" data-id=\"66fcedf\" data-element_type=\"widget\" data-e-type=\"widget\" data-settings=\"{&quot;_animation&quot;:&quot;fadeIn&quot;,&quot;_animation_delay&quot;:500}\" data-widget_type=\"text-editor.default\">\n\t\t\t\t<div class=\"elementor-widget-container\">\n\t\t\t\t\t\t\t\t\t<h2><span style=\"color: #ffffff;\">Die Dorf- Poliversit\u00e4t<br><\/span><\/h2>\n<p>Eine Poliversit\u00e4t versteht sich als ein logischer Gegenpol zur Universit\u00e4t, vergleichbar mit Yin und Yang, was sich auch in unserem Logo widerspiegelt. Zum ersten Mal in unserer Geschichte schafft sie einen Ausgleich zur bestehenden linearen Wissensvermittlung, mit dem Anspruch, ein nat\u00fcrliches Gleichgewicht in der Bildung zu schaffen.<\/p>\t\t\t\t\t\t\t\t<\/div>\n\t\t\t\t<\/div>\n\t\t\t\t<div class=\"elementor-element elementor-element-10f7a09 elementor-widget elementor-widget-spacer\" data-id=\"10f7a09\" data-element_type=\"widget\" data-e-type=\"widget\" data-widget_type=\"spacer.default\">\n\t\t\t\t<div class=\"elementor-widget-container\">\n\t\t\t\t\t\t\t<div class=\"elementor-spacer\">\n\t\t\t<div class=\"elementor-spacer-inner\"><\/div>\n\t\t<\/div>\n\t\t\t\t\t\t<\/div>\n\t\t\t\t<\/div>\n\t\t\t\t<div class=\"elementor-element elementor-element-fa9c6f1 elementor-invisible elementor-widget elementor-widget-text-editor\" data-id=\"fa9c6f1\" data-element_type=\"widget\" data-e-type=\"widget\" data-settings=\"{&quot;_animation&quot;:&quot;fadeIn&quot;,&quot;_animation_delay&quot;:100}\" data-widget_type=\"text-editor.default\">\n\t\t\t\t<div class=\"elementor-widget-container\">\n\t\t\t\t\t\t\t\t\t<h2><span style=\"color: #ffffff;\">Die Vision<\/span><\/h2><p>Die Poliversit\u00e4t setzt auf individuelle, lebensbegleitende Lernwege und pers\u00f6nliche Entfaltung und <b>schafft Rahmenbedingungen f\u00fcr eine berufsorientierte und begleitende Bildung.<\/b> Statt festgelegter Studienpl\u00e4ne gibt es Diskussionen, Workshops, gemeinschaftliche Projekte und Unterst\u00fctzung f\u00fcr Startup-Ideen. Der Fokus liegt dabei auf dem Austausch von Wissen und Ideen zwischen den Teilnehmern, anstatt auf dem Auswendiglernen von Fakten. Nur so kann wahre Entwicklung entstehen und pers\u00f6nliches Wachstum gef\u00f6rdert werden.<\/p>\t\t\t\t\t\t\t\t<\/div>\n\t\t\t\t<\/div>\n\t\t\t\t<div class=\"elementor-element elementor-element-170777f elementor-widget elementor-widget-spacer\" data-id=\"170777f\" data-element_type=\"widget\" data-e-type=\"widget\" data-widget_type=\"spacer.default\">\n\t\t\t\t<div class=\"elementor-widget-container\">\n\t\t\t\t\t\t\t<div class=\"elementor-spacer\">\n\t\t\t<div class=\"elementor-spacer-inner\"><\/div>\n\t\t<\/div>\n\t\t\t\t\t\t<\/div>\n\t\t\t\t<\/div>\n\t\t\t\t<section class=\"elementor-section elementor-inner-section elementor-element elementor-element-f5db9e3 elementor-section-boxed elementor-section-height-default elementor-section-height-default\" data-id=\"f5db9e3\" data-element_type=\"section\" data-e-type=\"section\" data-settings=\"{&quot;jet_parallax_layout_list&quot;:[],&quot;animation&quot;:&quot;none&quot;}\">\n\t\t\t\t\t\t<div class=\"elementor-container elementor-column-gap-default\">\n\t\t\t\t\t<div class=\"elementor-column elementor-col-50 elementor-inner-column elementor-element elementor-element-d12f706 elementor-invisible\" data-id=\"d12f706\" data-element_type=\"column\" data-e-type=\"column\" data-settings=\"{&quot;background_background&quot;:&quot;classic&quot;,&quot;animation&quot;:&quot;fadeIn&quot;,&quot;animation_delay&quot;:0}\">\n\t\t\t<div class=\"elementor-widget-wrap elementor-element-populated\">\n\t\t\t\t\t\t<div class=\"elementor-element elementor-element-769d8ca elementor-widget elementor-widget-image\" data-id=\"769d8ca\" data-element_type=\"widget\" data-e-type=\"widget\" data-widget_type=\"image.default\">\n\t\t\t\t<div class=\"elementor-widget-container\">\n\t\t\t\t\t\t\t\t\t\t\t\t\t\t\t<img decoding=\"async\" src=\"https:\/\/tapoja.at\/wp-content\/uploads\/elementor\/thumbs\/Vision1-r2bbabx8201vdk606z13kj6m2z9lyy4nzj9awk3ij0.png\" title=\"Vision1\" alt=\"Vision1\" loading=\"lazy\" \/>\t\t\t\t\t\t\t\t\t\t\t\t\t\t\t<\/div>\n\t\t\t\t<\/div>\n\t\t\t\t\t<\/div>\n\t\t<\/div>\n\t\t\t\t<div class=\"elementor-column elementor-col-50 elementor-inner-column elementor-element elementor-element-3725472\" data-id=\"3725472\" data-element_type=\"column\" data-e-type=\"column\" data-settings=\"{&quot;background_background&quot;:&quot;classic&quot;,&quot;animation&quot;:&quot;none&quot;,&quot;animation_delay&quot;:100}\">\n\t\t\t<div class=\"elementor-widget-wrap elementor-element-populated\">\n\t\t\t\t\t\t<div class=\"elementor-element elementor-element-5c060e3 elementor-invisible elementor-widget elementor-widget-text-editor\" data-id=\"5c060e3\" data-element_type=\"widget\" data-e-type=\"widget\" data-settings=\"{&quot;_animation&quot;:&quot;fadeIn&quot;,&quot;_animation_delay&quot;:100}\" data-widget_type=\"text-editor.default\">\n\t\t\t\t<div class=\"elementor-widget-container\">\n\t\t\t\t\t\t\t\t\t<p>Grundlage f\u00fcr ein selbstbestimmtes Leben bildet die Auseinandersetzung mit sich selbst, seinen Visionen, Werten und Gef\u00fchlen, aber auch mit Tieren und der Natur. Wir erm\u00f6glichen jungen Menschen Erfahrungen der Selbstwirksamkeit auf vielschichtigen Ebenen und organisieren Angebote zu Themen wie<\/p><p>Verantwortung, gemeinschaftsbildende Prozesse, Grenzen wahrnehmen und respektieren, konstruktive Konfliktl\u00f6sungs- und Feedbackkultur, Studium der Lebensprinzipien, uvm.<\/p><p><strong>in Theorie und handlungs- bzw. lebensp\u00e4dagogischer Praxis.<br \/><\/strong><\/p>\t\t\t\t\t\t\t\t<\/div>\n\t\t\t\t<\/div>\n\t\t\t\t\t<\/div>\n\t\t<\/div>\n\t\t\t\t\t<\/div>\n\t\t<\/section>\n\t\t\t\t<div class=\"elementor-element elementor-element-ffb3972 elementor-widget elementor-widget-spacer\" data-id=\"ffb3972\" data-element_type=\"widget\" data-e-type=\"widget\" data-widget_type=\"spacer.default\">\n\t\t\t\t<div class=\"elementor-widget-container\">\n\t\t\t\t\t\t\t<div class=\"elementor-spacer\">\n\t\t\t<div class=\"elementor-spacer-inner\"><\/div>\n\t\t<\/div>\n\t\t\t\t\t\t<\/div>\n\t\t\t\t<\/div>\n\t\t\t\t<div class=\"elementor-element elementor-element-2d65c91 elementor-invisible elementor-widget elementor-widget-text-editor\" data-id=\"2d65c91\" data-element_type=\"widget\" data-e-type=\"widget\" data-settings=\"{&quot;_animation&quot;:&quot;fadeIn&quot;,&quot;_animation_delay&quot;:100}\" data-widget_type=\"text-editor.default\">\n\t\t\t\t<div class=\"elementor-widget-container\">\n\t\t\t\t\t\t\t\t\t<h2><span style=\"color: #ffffff;\">Die Mission<\/span><\/h2><ul><li>Als freier Bildungstr\u00e4ger erschaffen wir ein sich st\u00e4ndig weiterentwickelndes Angebot, das gleicherma\u00dfen auf die Erfordernisse einer zukunftsf\u00e4higen Gesellschaft und des Arbeitsmarkts sowie auf die Bed\u00fcrfnisse und Lernw\u00fcnsche unserer Zielgruppen reagiert.<\/li><li>Wir bieten flexible und bedarfsorientierte Rahmenbedingungen f\u00fcr eine berufliche und begleitende Bildung f\u00fcr junge Menschen ab 14 Jahren.<\/li><li>Wir unterst\u00fctzen unsere Teilnehmenden darin, sich selbst kennenzulernen, ihre Potenziale und Werte zu entdecken, Sinnfragen zu stellen und anderen Menschen und Lebewesen empathisch zu begegnen. Sie lernen, fremde Perspektiven einzunehmen, gewohnte Narrative zu reflektieren, neue Visionen zu entwickeln, besonnene Entscheidungen zu treffen, konstruktiv und vertrauensvoll mit anderen zusammenzuarbeiten sowie eine gemeinschaftliche, gesunde und nachhaltige Lebensweise zu erproben.<\/li><li>Ein zentrales Ziel ist es, junge Menschen in ihrer Berufsorientierung, Zukunftsgestaltung und Potenzialentfaltung zu unterst\u00fctzen.<\/li><li>Dabei ist es ebenso unser Ziel, junge Menschen an die Erwerbst\u00e4tigkeit heranzuf\u00fchren, sie zu selbstst\u00e4ndigen Unternehmungen im Sinne des Gemeinwohls zu ermutigen und sie in den Arbeitsmarkt zu integrieren.<\/li><li>In den praktischen Themenfeldern k\u00f6nnen die Teilnehmenden ihre sozialen und handwerklichen F\u00e4higkeiten erweitern und Eigeninitiative zeigen. Praktische Arbeit mit den H\u00e4nden ist sch\u00f6pferisch, sinnstiftend und kreativ und f\u00fchrt uns zu unseren eigenen Potenzialen. Sie ist zutiefst selbstwirksam.<\/li><\/ul>\t\t\t\t\t\t\t\t<\/div>\n\t\t\t\t<\/div>\n\t\t\t\t<div class=\"elementor-element elementor-element-ceaeb7b elementor-widget elementor-widget-spacer\" data-id=\"ceaeb7b\" data-element_type=\"widget\" data-e-type=\"widget\" data-widget_type=\"spacer.default\">\n\t\t\t\t<div class=\"elementor-widget-container\">\n\t\t\t\t\t\t\t<div class=\"elementor-spacer\">\n\t\t\t<div class=\"elementor-spacer-inner\"><\/div>\n\t\t<\/div>\n\t\t\t\t\t\t<\/div>\n\t\t\t\t<\/div>\n\t\t\t\t\t<\/div>\n\t\t<\/div>\n\t\t\t\t\t<\/div>\n\t\t<\/section>\n\t\t\t\t<\/div>\n\t\t","protected":false},"excerpt":{"rendered":"<p>Home Die Dorf- Poliversit\u00e4t Eine Poliversit\u00e4t versteht sich als ein logischer Gegenpol zur Universit\u00e4t, vergleichbar mit Yin und Yang, was sich auch in unserem Logo widerspiegelt. Zum ersten Mal in unserer Geschichte schafft sie einen Ausgleich zur bestehenden linearen Wissensvermittlung, mit dem Anspruch, ein nat\u00fcrliches Gleichgewicht in der Bildung zu schaffen. Die Vision Die Poliversit\u00e4t [&hellip;]<\/p>\n","protected":false},"author":1,"featured_media":0,"parent":0,"menu_order":0,"comment_status":"closed","ping_status":"closed","template":"elementor_header_footer","meta":{"footnotes":""},"class_list":["post-1478","page","type-page","status-publish","hentry"],"_links":{"self":[{"href":"https:\/\/tapoja.at\/index.php?rest_route=\/wp\/v2\/pages\/1478","targetHints":{"allow":["GET"]}}],"collection":[{"href":"https:\/\/tapoja.at\/index.php?rest_route=\/wp\/v2\/pages"}],"about":[{"href":"https:\/\/tapoja.at\/index.php?rest_route=\/wp\/v2\/types\/page"}],"author":[{"embeddable":true,"href":"https:\/\/tapoja.at\/index.php?rest_route=\/wp\/v2\/users\/1"}],"replies":[{"embeddable":true,"href":"https:\/\/tapoja.at\/index.php?rest_route=%2Fwp%2Fv2%2Fcomments&post=1478"}],"version-history":[{"count":236,"href":"https:\/\/tapoja.at\/index.php?rest_route=\/wp\/v2\/pages\/1478\/revisions"}],"predecessor-version":[{"id":5848,"href":"https:\/\/tapoja.at\/index.php?rest_route=\/wp\/v2\/pages\/1478\/revisions\/5848"}],"wp:attachment":[{"href":"https:\/\/tapoja.at\/index.php?rest_route=%2Fwp%2Fv2%2Fmedia&parent=1478"}],"curies":[{"name":"wp","href":"https:\/\/api.w.org\/{rel}","templated":true}]}}